{"id":2,"date":"2009-01-01T00:29:03","date_gmt":"2008-12-31T23:29:03","guid":{"rendered":"http:\/\/www.parokeets.com\/sl\/?page_id=2"},"modified":"2022-12-20T15:59:08","modified_gmt":"2022-12-20T14:59:08","slug":"meet-parokeets","status":"publish","type":"page","link":"https:\/\/www.parokeets.com\/sl\/meet-parokeets\/","title":{"rendered":"Spoznajte Parokeetke"},"content":{"rendered":"\n<p class=\"has-text-align-center\">Parokeets lepotni blog je bil ustanovljen <strong>januarja 2009<\/strong> in ga trenutno ustvarjata <a href=\"https:\/\/www.parokeets.com\/sl\/author\/gejba\/\" target=\"_blank\" rel=\"\u201dauthor\u201d noopener noreferrer\"> Gejba (Gabi)<\/a> in <a href=\"https:\/\/www.parokeets.com\/sl\/author\/maestra\/\" target=\"_blank\" rel=\"\u201dauthor\u201d noopener noreferrer\">Maestra (Maja)<\/a>. Ve\u010d si lahko o samem blogu si lahko preberete <a href=\"\/sl\/about-blog\/\" target=\"_blank\" rel=\"noopener noreferrer\">TUKAJ<\/a>.<\/p>\n\n\n\n<p><strong>GEJBA<\/strong> je vzdevek, ki me \u017ee ve\u010d kot 10 let spremlja v kiberneti\u010dnem svetu. Po\u010dasi se bom na ulici prej obrnila, ko me pokli\u010dete Gejba, kot pa <a href=\"https:\/\/www.facebook.com\/gejba.parokeets\"><span style=\"text-decoration: underline;\">Gabi<\/span><\/a>. :D<\/p>\n\n\n\n<p>Nisem \u010disto prepri\u010dana ali sem si naziv &#8220;blog mama&#8221; zaslu\u017eila z leti (\u0161tirideset sve\u010dk je \u017ee za menoj) ali pa samo tako rada trosim nasvete. Ker je ve\u010dina kolegic blogerk izredno milih bitij, se bom odlo\u010dila za vrata \u0161t. 2. :P<\/p>\n\n\n\n<p>Pred parimi leti, bi vam rekla, da me delo v dru\u017einskem podjetju in na podro\u010dju spletnega marketinga noro zaposlujeta. Danes gre ta \u010dastni naziv moji mali h\u010derkici, ki poskrbi, da so poleg zapolnjenih budnih ur, pestre tudi no\u010di.<\/p>\n\n\n\n<p>Radovednost me vedno znova pripelje v sku\u0161njavo preizkusiti ta ali oni izdelek. A ker nimam ravno veliko razvad ter super najdbe delim z na\u0161imi super bralkami, se ne po\u010dutim (preve\u010d) krivo za ta manj\u0161i spodrsljaj.<\/p>\n\n\n\n<p>Va\u0161a Gejba aka Gabi Nedi\u010d<\/p>\n\n\n\n<p>LI\u010cENJE<\/p>\n\n\n\n<p>Laki za nohte, mat \u0161minke ter sen\u010dila in popolne podlage\/pudri za mojo zme\u0161ano ko\u017eo (po mo\u017enosti v zelo svetlem in nevtralnem odtenku) so moj holy grail.<\/p>\n\n\n\n<p>Na makeup gledam kot nekaj kar skrije izbruhe mozoljev ali pa podo\u010dnjake do tal, a mi v osnovi predstavlja predvsem na\u010din izra\u017eanja. \u010cisto verjetno je, da me boste sre\u010dale brez kan\u010dka li\u010dil, a se bom super po\u010dutila v svoji ko\u017ei in jih ne bom niti pogre\u0161ala &#8230; kako bom videti je druga zgodba. :D<\/p>\n\n\n\n<p>NEGA KO\u017dE<\/p>\n\n\n\n<p>1001 hormonsko neravnovesje botrujejo temu, da je edina klasifikacija primerna za mojo ko\u017eo &#8211; zme\u0161ana.<\/p>\n\n\n\n<p>Spadam v skupino oseb z ob\u010dutljivo ko\u017eo, ki je prete\u017eno normalna do mastna, a prakti\u010dno vedno dehidrirana. Manj kot ima izdelek sestavin, raje ga imam. Mogo\u010de bi morala tukaj pripomniti, da sem rahlo sestavinski snob in je moj seznam po\u017eegnanih sestavin izredno kratek.<\/p>\n\n\n\n<p>Alkohol je na seznamu sestavin, ki ga lahko vidim samo v kak\u0161ni SPF kremi ali pa v formulacijah kjer se mu te\u017eko ognemo (v kombinaciji s salicilno kislino &#8230;).<\/p>\n\n\n\n<p>MODA<\/p>\n\n\n\n<p>\u010ce bi lahko kako poimenovali moj eklekti\u010dni na\u010din obla\u010denja, bi to bilo udobno in dolgo\u010dasno. Preferiram namre\u010d naravne materiale, s kvalitetnimi barvili kar se zelo tepe z mojo XXL \u0161tevilko. Zaklju\u010dek: kupi\u0161 tisto kar najde\u0161 in pozabi\u0161 na usklajenost &#8230; Moje najljub\u0161e znamke so vse Gerry Weber skupine (Taifun, Samoon), s.Oliver, Lebek &#8230; Vem, vem &#8211; bolj za stare mame. :P<\/p>\n\n\n\n<p>Na mojo veliko nesre\u010do, se je velikost stopal zaustavila pri \u0161tevilki 42,5 oz. 43,5 &#8230; v \u0161iroki verziji. Kaj je lahko huj\u0161ega za osebo, ki misli da so \u010devlji tisti, ki naredijo outfit.<\/p>\n\n\n\n<p>LASJE<\/p>\n\n\n\n<p>\u010ce je \u017ee vsak drugi del telesa te\u017eaven, le zakaj bi bili lasje izjema? :P<\/p>\n\n\n\n<p>Veliko mehkih in neubogljivih las, ki rastejo hitreje kot plevel (\u010de si tako siv kot jaz, je to hud minus) in dehidrirajo s svetlobno hitrostjo (barvanje definitivno ne pomaga) je zelo te\u017eko ukrotiti brez ogromno vlo\u017eenega \u010dasa v su\u0161enje in oblikovanje &#8230; \u010dasa, ki ga jaz nimam.<\/p>\n\n\n\n<p>O \u0161trle\u010dih laskih, ki me vedno znova uspejo narediti neurejeno sploh ne bi.<\/p>\n\n\n\n<p>Pravega raziskovanja sem se \u0161ele po\u0161teno lotila, a za enkrat ka\u017ee, da imajo moji lasje drag okus.<\/p>\n","protected":false},"excerpt":{"rendered":"<p>Parokeets lepotni blog je bil ustanovljen januarja 2009 in ga trenutno ustvarjata Gejba (Gabi) in Maestra (Maja). Ve\u010d si lahko o samem blogu si lahko &#8230; <\/p>\n<p class=\"read-more-container\"><a title=\"Spoznajte Parokeetke\" class=\"read-more button\" href=\"https:\/\/www.parokeets.com\/sl\/meet-parokeets\/#more-2\" aria-label=\"Read more about Spoznajte Parokeetke\">Ve\u010d<\/a><\/p>\n","protected":false},"author":1,"featured_media":49260,"parent":0,"menu_order":0,"comment_status":"open","ping_status":"open","template":"","meta":{"footnotes":""},"class_list":{"0":"post-2","1":"page","2":"type-page","3":"status-publish","4":"has-post-thumbnail","6":"resize-featured-image"},"yoast_head":"<!-- This site is optimized with the Yoast SEO plugin v27.4 - https:\/\/yoast.com\/product\/yoast-seo-wordpress\/ -->\n<title>Spoznajte Parokeets avtorice<\/title>\n<meta name=\"description\" content=\"Dobrodo\u0161li na Parokeets lepotnem blogu. Za vas smo pripravile koti\u010dek, kjer lahko spoznate vse avtorice bloga. \u010ce pa vas \u0161e kaj zanima, nas le vpra\u0161ajte. :)\" \/>\n<meta name=\"robots\" content=\"index, follow, max-snippet:-1, max-image-preview:large, max-video-preview:-1\" \/>\n<link rel=\"canonical\" href=\"https:\/\/www.parokeets.com\/sl\/meet-parokeets\/\" \/>\n<meta property=\"og:locale\" content=\"sl_SI\" \/>\n<meta property=\"og:type\" content=\"article\" \/>\n<meta property=\"og:title\" content=\"Spoznajte Parokeets avtorice\" \/>\n<meta property=\"og:description\" content=\"Dobrodo\u0161li na Parokeets lepotnem blogu. Za vas smo pripravile koti\u010dek, kjer lahko spoznate vse avtorice bloga. \u010ce pa vas \u0161e kaj zanima, nas le vpra\u0161ajte. :)\" \/>\n<meta property=\"og:url\" content=\"https:\/\/www.parokeets.com\/sl\/meet-parokeets\/\" \/>\n<meta property=\"og:site_name\" content=\"Parokeets (SL)\" \/>\n<meta property=\"article:publisher\" content=\"http:\/\/www.facebook.com\/parokeets\" \/>\n<meta property=\"article:modified_time\" content=\"2022-12-20T14:59:08+00:00\" \/>\n<meta property=\"og:image\" content=\"https:\/\/www.parokeets.com\/wp-content\/uploads\/2017\/11\/Beautiful_Bloggers_Meet_Up_2017-491_foto_Marko_Delbello_Ocepek.jpg\" \/>\n\t<meta property=\"og:image:width\" content=\"1500\" \/>\n\t<meta property=\"og:image:height\" content=\"1000\" \/>\n\t<meta property=\"og:image:type\" content=\"image\/jpeg\" \/>\n<meta name=\"twitter:card\" content=\"summary_large_image\" \/>\n<meta name=\"twitter:site\" content=\"@Parokeets\" \/>\n<meta name=\"twitter:label1\" content=\"Est. reading time\" \/>\n\t<meta name=\"twitter:data1\" content=\"3 minute\" \/>\n<script type=\"application\/ld+json\" class=\"yoast-schema-graph\">{\"@context\":\"https:\\\/\\\/schema.org\",\"@graph\":[{\"@type\":\"WebPage\",\"@id\":\"https:\\\/\\\/www.parokeets.com\\\/sl\\\/meet-parokeets\\\/\",\"url\":\"https:\\\/\\\/www.parokeets.com\\\/sl\\\/meet-parokeets\\\/\",\"name\":\"Spoznajte Parokeets avtorice\",\"isPartOf\":{\"@id\":\"https:\\\/\\\/www.parokeets.com\\\/sl\\\/#website\"},\"primaryImageOfPage\":{\"@id\":\"https:\\\/\\\/www.parokeets.com\\\/sl\\\/meet-parokeets\\\/#primaryimage\"},\"image\":{\"@id\":\"https:\\\/\\\/www.parokeets.com\\\/sl\\\/meet-parokeets\\\/#primaryimage\"},\"thumbnailUrl\":\"https:\\\/\\\/www.parokeets.com\\\/wp-content\\\/uploads\\\/2017\\\/11\\\/Beautiful_Bloggers_Meet_Up_2017-491_foto_Marko_Delbello_Ocepek.jpg\",\"datePublished\":\"2008-12-31T23:29:03+00:00\",\"dateModified\":\"2022-12-20T14:59:08+00:00\",\"description\":\"Dobrodo\u0161li na Parokeets lepotnem blogu. Za vas smo pripravile koti\u010dek, kjer lahko spoznate vse avtorice bloga. \u010ce pa vas \u0161e kaj zanima, nas le vpra\u0161ajte. :)\",\"inLanguage\":\"sl-SI\",\"potentialAction\":[{\"@type\":\"ReadAction\",\"target\":[\"https:\\\/\\\/www.parokeets.com\\\/sl\\\/meet-parokeets\\\/\"]}]},{\"@type\":\"ImageObject\",\"inLanguage\":\"sl-SI\",\"@id\":\"https:\\\/\\\/www.parokeets.com\\\/sl\\\/meet-parokeets\\\/#primaryimage\",\"url\":\"https:\\\/\\\/www.parokeets.com\\\/wp-content\\\/uploads\\\/2017\\\/11\\\/Beautiful_Bloggers_Meet_Up_2017-491_foto_Marko_Delbello_Ocepek.jpg\",\"contentUrl\":\"https:\\\/\\\/www.parokeets.com\\\/wp-content\\\/uploads\\\/2017\\\/11\\\/Beautiful_Bloggers_Meet_Up_2017-491_foto_Marko_Delbello_Ocepek.jpg\",\"width\":1500,\"height\":1000,\"caption\":\"Beautiful_Bloggers_Meet_Up_2017-491_foto_Marko_Delbello_Ocepek\"},{\"@type\":\"WebSite\",\"@id\":\"https:\\\/\\\/www.parokeets.com\\\/sl\\\/#website\",\"url\":\"https:\\\/\\\/www.parokeets.com\\\/sl\\\/\",\"name\":\"Parokeets (SL)\",\"description\":\"slovenski lepotni blog z najdalj\u0161im sta\u017eem\",\"publisher\":{\"@id\":\"https:\\\/\\\/www.parokeets.com\\\/sl\\\/#organization\"},\"potentialAction\":[{\"@type\":\"SearchAction\",\"target\":{\"@type\":\"EntryPoint\",\"urlTemplate\":\"https:\\\/\\\/www.parokeets.com\\\/sl\\\/?s={search_term_string}\"},\"query-input\":{\"@type\":\"PropertyValueSpecification\",\"valueRequired\":true,\"valueName\":\"search_term_string\"}}],\"inLanguage\":\"sl-SI\"},{\"@type\":\"Organization\",\"@id\":\"https:\\\/\\\/www.parokeets.com\\\/sl\\\/#organization\",\"name\":\"Parokeets lepotni blog\",\"url\":\"https:\\\/\\\/www.parokeets.com\\\/sl\\\/\",\"logo\":{\"@type\":\"ImageObject\",\"inLanguage\":\"sl-SI\",\"@id\":\"https:\\\/\\\/www.parokeets.com\\\/sl\\\/#\\\/schema\\\/logo\\\/image\\\/\",\"url\":\"https:\\\/\\\/www.parokeets.com\\\/wp-content\\\/uploads\\\/2015\\\/12\\\/cropped-Parokeets-logo-2015-90.png\",\"contentUrl\":\"https:\\\/\\\/www.parokeets.com\\\/wp-content\\\/uploads\\\/2015\\\/12\\\/cropped-Parokeets-logo-2015-90.png\",\"width\":272,\"height\":54,\"caption\":\"Parokeets lepotni blog\"},\"image\":{\"@id\":\"https:\\\/\\\/www.parokeets.com\\\/sl\\\/#\\\/schema\\\/logo\\\/image\\\/\"},\"sameAs\":[\"http:\\\/\\\/www.facebook.com\\\/parokeets\",\"https:\\\/\\\/x.com\\\/Parokeets\",\"http:\\\/\\\/www.instagram.com\\\/gejba.parokeets\",\"http:\\\/\\\/www.youtube.com\\\/user\\\/GejbaParokeets\"]}]}<\/script>\n<!-- \/ Yoast SEO plugin. -->","yoast_head_json":{"title":"Spoznajte Parokeets avtorice","description":"Dobrodo\u0161li na Parokeets lepotnem blogu. Za vas smo pripravile koti\u010dek, kjer lahko spoznate vse avtorice bloga. \u010ce pa vas \u0161e kaj zanima, nas le vpra\u0161ajte. :)","robots":{"index":"index","follow":"follow","max-snippet":"max-snippet:-1","max-image-preview":"max-image-preview:large","max-video-preview":"max-video-preview:-1"},"canonical":"https:\/\/www.parokeets.com\/sl\/meet-parokeets\/","og_locale":"sl_SI","og_type":"article","og_title":"Spoznajte Parokeets avtorice","og_description":"Dobrodo\u0161li na Parokeets lepotnem blogu. Za vas smo pripravile koti\u010dek, kjer lahko spoznate vse avtorice bloga. \u010ce pa vas \u0161e kaj zanima, nas le vpra\u0161ajte. :)","og_url":"https:\/\/www.parokeets.com\/sl\/meet-parokeets\/","og_site_name":"Parokeets (SL)","article_publisher":"http:\/\/www.facebook.com\/parokeets","article_modified_time":"2022-12-20T14:59:08+00:00","og_image":[{"width":1500,"height":1000,"url":"https:\/\/www.parokeets.com\/wp-content\/uploads\/2017\/11\/Beautiful_Bloggers_Meet_Up_2017-491_foto_Marko_Delbello_Ocepek.jpg","type":"image\/jpeg"}],"twitter_card":"summary_large_image","twitter_site":"@Parokeets","twitter_misc":{"Est. reading time":"3 minute"},"schema":{"@context":"https:\/\/schema.org","@graph":[{"@type":"WebPage","@id":"https:\/\/www.parokeets.com\/sl\/meet-parokeets\/","url":"https:\/\/www.parokeets.com\/sl\/meet-parokeets\/","name":"Spoznajte Parokeets avtorice","isPartOf":{"@id":"https:\/\/www.parokeets.com\/sl\/#website"},"primaryImageOfPage":{"@id":"https:\/\/www.parokeets.com\/sl\/meet-parokeets\/#primaryimage"},"image":{"@id":"https:\/\/www.parokeets.com\/sl\/meet-parokeets\/#primaryimage"},"thumbnailUrl":"https:\/\/www.parokeets.com\/wp-content\/uploads\/2017\/11\/Beautiful_Bloggers_Meet_Up_2017-491_foto_Marko_Delbello_Ocepek.jpg","datePublished":"2008-12-31T23:29:03+00:00","dateModified":"2022-12-20T14:59:08+00:00","description":"Dobrodo\u0161li na Parokeets lepotnem blogu. Za vas smo pripravile koti\u010dek, kjer lahko spoznate vse avtorice bloga. \u010ce pa vas \u0161e kaj zanima, nas le vpra\u0161ajte. :)","inLanguage":"sl-SI","potentialAction":[{"@type":"ReadAction","target":["https:\/\/www.parokeets.com\/sl\/meet-parokeets\/"]}]},{"@type":"ImageObject","inLanguage":"sl-SI","@id":"https:\/\/www.parokeets.com\/sl\/meet-parokeets\/#primaryimage","url":"https:\/\/www.parokeets.com\/wp-content\/uploads\/2017\/11\/Beautiful_Bloggers_Meet_Up_2017-491_foto_Marko_Delbello_Ocepek.jpg","contentUrl":"https:\/\/www.parokeets.com\/wp-content\/uploads\/2017\/11\/Beautiful_Bloggers_Meet_Up_2017-491_foto_Marko_Delbello_Ocepek.jpg","width":1500,"height":1000,"caption":"Beautiful_Bloggers_Meet_Up_2017-491_foto_Marko_Delbello_Ocepek"},{"@type":"WebSite","@id":"https:\/\/www.parokeets.com\/sl\/#website","url":"https:\/\/www.parokeets.com\/sl\/","name":"Parokeets (SL)","description":"slovenski lepotni blog z najdalj\u0161im sta\u017eem","publisher":{"@id":"https:\/\/www.parokeets.com\/sl\/#organization"},"potentialAction":[{"@type":"SearchAction","target":{"@type":"EntryPoint","urlTemplate":"https:\/\/www.parokeets.com\/sl\/?s={search_term_string}"},"query-input":{"@type":"PropertyValueSpecification","valueRequired":true,"valueName":"search_term_string"}}],"inLanguage":"sl-SI"},{"@type":"Organization","@id":"https:\/\/www.parokeets.com\/sl\/#organization","name":"Parokeets lepotni blog","url":"https:\/\/www.parokeets.com\/sl\/","logo":{"@type":"ImageObject","inLanguage":"sl-SI","@id":"https:\/\/www.parokeets.com\/sl\/#\/schema\/logo\/image\/","url":"https:\/\/www.parokeets.com\/wp-content\/uploads\/2015\/12\/cropped-Parokeets-logo-2015-90.png","contentUrl":"https:\/\/www.parokeets.com\/wp-content\/uploads\/2015\/12\/cropped-Parokeets-logo-2015-90.png","width":272,"height":54,"caption":"Parokeets lepotni blog"},"image":{"@id":"https:\/\/www.parokeets.com\/sl\/#\/schema\/logo\/image\/"},"sameAs":["http:\/\/www.facebook.com\/parokeets","https:\/\/x.com\/Parokeets","http:\/\/www.instagram.com\/gejba.parokeets","http:\/\/www.youtube.com\/user\/GejbaParokeets"]}]}},"amp_enabled":true,"_links":{"self":[{"href":"https:\/\/www.parokeets.com\/sl\/wp-json\/wp\/v2\/pages\/2","targetHints":{"allow":["GET"]}}],"collection":[{"href":"https:\/\/www.parokeets.com\/sl\/wp-json\/wp\/v2\/pages"}],"about":[{"href":"https:\/\/www.parokeets.com\/sl\/wp-json\/wp\/v2\/types\/page"}],"author":[{"embeddable":true,"href":"https:\/\/www.parokeets.com\/sl\/wp-json\/wp\/v2\/users\/1"}],"replies":[{"embeddable":true,"href":"https:\/\/www.parokeets.com\/sl\/wp-json\/wp\/v2\/comments?post=2"}],"version-history":[{"count":182,"href":"https:\/\/www.parokeets.com\/sl\/wp-json\/wp\/v2\/pages\/2\/revisions"}],"predecessor-version":[{"id":55416,"href":"https:\/\/www.parokeets.com\/sl\/wp-json\/wp\/v2\/pages\/2\/revisions\/55416"}],"wp:featuredmedia":[{"embeddable":true,"href":"https:\/\/www.parokeets.com\/sl\/wp-json\/wp\/v2\/media\/49260"}],"wp:attachment":[{"href":"https:\/\/www.parokeets.com\/sl\/wp-json\/wp\/v2\/media?parent=2"}],"curies":[{"name":"wp","href":"https:\/\/api.w.org\/{rel}","templated":true}]}}