{"id":32193,"date":"2010-05-31T17:11:33","date_gmt":"2010-05-31T15:11:33","guid":{"rendered":"http:\/\/www.parokeets.com\/?page_id=32193"},"modified":"2025-03-03T08:39:21","modified_gmt":"2025-03-03T07:39:21","slug":"privacy-policy","status":"publish","type":"page","link":"https:\/\/www.parokeets.com\/sl\/privacy-policy\/","title":{"rendered":"Pogoji uporabe"},"content":{"rendered":"<p><strong>Pogoji uporabe<\/strong><\/p>\n<p>Upravljalec te spletne strani je EygaNet d.o.o (mati\u010dna \u0161tevilka 9852247000). Te spletne strani dajejo splo\u0161ne informacije o https:\/\/www.parokeets.com\/.<\/p>\n<p>Vse informacije in podatki na spletnih straneh so zgolj informativne narave in niso namenjeni vzpostavljanju zavezujo\u010dih pravnih razmerij ali vstopu v taka pravna razmerja, razen kadar je to izrecno navedeno.<\/p>\n<p>EygaNet d.o.o. ne jam\u010di za to\u010dnost podatkov, objavljenih na spletni strani https:\/\/www.parokeets.com\/.<\/p>\n<p>Z ogledom spletne strani se strinjate z vsem spodaj navedenim kakor tudi s pogoji uporabe. Pogoji uporabe oz. dolo\u010dbe o varovanju zasebnosti so pravno zavezujo\u010de.<\/p>\n<p><strong>Omejitev odgovornosti<\/strong><\/p>\n<p>EygaNet d.o.o.\u00a0bo urejal spletne strani s potrebno skrbnostjo, da bi zagotovil to\u010dne informacije in a\u017eurne podatke, kljub temu pa ne prevzema odgovornosti za njihovo to\u010dnost in celovitost. Pridr\u017eujemo si pravico, da kadarkoli in na kakr\u0161enkoli na\u010din brez predhodnega obvestila spremenimo vsebino spletnih strani ter pravnih obvestil.<\/p>\n<p>Uporabniki spletne strani https:\/\/www.parokeets.com\/ njeno vsebino uporabljajo na lastno odgovornost. EygaNet d.o.o. ne odgovarja za eventualne pomanjkljivosti ali napake vsebin na spletni strani. EygaNet d.o.o. ali katerakoli druga pravna ali fizi\u010dna oseba, ki je sodelovala pri pripravi in izdelavi teh spletnih strani, ne odgovarja za kakr\u0161nokoli \u0161kodo, ki bi izhajala iz dostopa ali uporabe informacij na teh spletnih straneh oziroma nezmo\u017enosti dostopa\/uporabe teh informacij ali zaradi kakr\u0161nekoli napake ali pomanjkljivosti v njihovi vsebini.<\/p>\n<p>EygaNet d.o.o.\u00a0ne odgovarja za vsebino, ki jo na spletni strani objavijo uporabniki spletne strani.<\/p>\n<p><strong>Povezave do spletnih strani tretjih oseb<\/strong><\/p>\n<p>Na teh spletnih straneh so tudi informacije tretjih oseb in povezave z njihovimi spletnimi stranmi. Kjerkoli je po na\u0161i oceni primerno, je to ustrezno ozna\u010deno. EygaNet d.o.o. ne prevzema nobene odgovornosti za informacije na spletnih straneh tretjih oseb ali za njihovo dosegljivost.<\/p>\n<p><strong>Pravice intelektualne lastnine<\/strong><\/p>\n<p>Vsebine na spletnih straneh so v zakonsko dovoljenem okviru predmet avtorske za\u0161\u010dite in\/ali druge oblike za\u0161\u010dite intelektualne lastnine. Vse vsebine, ki se nahajajo na spletnih straneh, so last EygaNet d.o.o. in se lahko uporabljajo le v osebne, nekomercialne namene, kjer pa morajo ohraniti vsa navedena opozorila o avtorskih pravicah. Prepovedano je prepisovanje, razmno\u017eevanje, distribuiranje ali druga\u010dno raz\u0161irjanje vsebine, ki se nahaja na spletni strani, brez predhodnega pisnega dovoljenja predstavnika EygaNet d.o.o.<\/p>\n<p><strong>Varovanje zasebnosti<\/strong><\/p>\n<p>EygaNet d.o.o.\u00a0v skladu z veljavno zakonodajo o varstvu osebnih podatkov v Republiki Sloveniji varuje osebne podatke, ki jih pridobi od uporabnikov spletnih strani ali ki jih uporabniki posredujejo.<\/p>\n<p>Na\u0161o spletno stran lahko obi\u0161\u010dete brez navedbe svojih osebnih podatkov, prav tako le-ta ne zbira avtomatizirano va\u0161ih osebnih podatkov. Osebne podatke zbiramo le takrat, ko nam le-te posredujete sami. S posredovanjem osebnih podatkov se \u0161teje, da ste nam podali tudi osebno privoljenje za zbiranje in obdelavo teh podatkov.<\/p>\n<p>Podatke, ki nam jih posredujete, se uporablja zgolj v namen, za katerega so bili podani. Va\u0161i osebni podatki ostajajo v EygaNet d.o.o. Hranijo se na stre\u017enikih. Va\u0161ih osebnih podatkov v nobeni obliki ne bomo posredovali v uporabo tretjim osebam, razen \u010de se boste s tem strinjali ali na podlagi odlo\u010dbe pristojnega organa.<\/p>\n<p>Podatke ra\u010dunalni\u0161ko shranimo ali ra\u010dunalni\u0161ko obdelamo v Republiki Sloveniji in jih ne posredujemo v obdelovanje v tretje dr\u017eave.<\/p>\n<p><strong>Pi\u0161kotki<\/strong><\/p>\n<p>Pi\u0161kotek je manj\u0161a datoteka, ki se namesti na va\u0161o napravo med obiskom spletne strani in jo stran, ki je pi\u0161kotek izdala, prepozna. Namen uporabe pi\u0161kotkov je izbolj\u0161ati delovanje spletne strani in uporabni\u0161ke izku\u0161nje pri ogledu spletnih strani.<\/p>\n<p><strong>Varnost<\/strong><\/p>\n<p>EygaNet d.o.o. uporablja tehni\u010dne in organizacijske varnostne ukrepe, ki va\u0161e osebne in druge podatke varujejo pred manipulacijo, izgubo, uni\u010denjem ali nepoobla\u0161\u010denim dostopom. EygaNet d.o.o. osebne podatke obdeluje in varuje v skladu z zahtevami zakona, ki ureja varstvo osebnih podatkov.<\/p>\n<p><strong>Kontakt<\/strong><br \/>\nZ morebitnimi vpra\u0161anji glede te spletne strani se lahko obrnete na gejba@parokeets.com.<\/p>\n<p><strong>Kon\u010dne dolo\u010dbe<\/strong><\/p>\n<p>Glede morebitnih vpra\u0161anj, ki niso urejena v tem dokumentu ter v primeru spora iz naslova uporabe spletne strani se uporablja pravo Republike Slovenije. Za re\u0161evanje morebitnih sporov je pristojno stvarno pristojno sodi\u0161\u010de v Ljubljani.<\/p>\n<p>EygaNet d.o.o.\u00a0ne priznava nobenega izvajalca IRPS kot pristojnega za re\u0161evanje potro\u0161ni\u0161kega spora, ki ga potro\u0161nik lahko spro\u017ei v skladu z Zakonom o izvensodnem re\u0161evanju potro\u0161ni\u0161kih sporov.<\/p>\n<p>Na vpra\u0161anja uporabnika o zaupnosti uporabnikovih podatkov, na\u010dinu zbiranja in uporabi podatkov ali \u017eelje po dodatnih informacijah, bo odgovorila odgovorna oseba za upravljanje s podatki:<br \/>\nGabi Nedi\u010d<br \/>\ngejba@parokeets.com<\/p>\n","protected":false},"excerpt":{"rendered":"<p>Pogoji uporabe Upravljalec te spletne strani je EygaNet d.o.o (mati\u010dna \u0161tevilka 9852247000). Te spletne strani dajejo splo\u0161ne informacije o https:\/\/www.parokeets.com\/. Vse informacije in podatki na &#8230; <\/p>\n<p class=\"read-more-container\"><a title=\"Pogoji uporabe\" class=\"read-more button\" href=\"https:\/\/www.parokeets.com\/sl\/privacy-policy\/#more-32193\" aria-label=\"Read more about Pogoji uporabe\">Ve\u010d<\/a><\/p>\n","protected":false},"author":1,"featured_media":0,"parent":0,"menu_order":0,"comment_status":"open","ping_status":"open","template":"","meta":{"footnotes":""},"class_list":["post-32193","page","type-page","status-publish"],"yoast_head":"<!-- This site is optimized with the Yoast SEO plugin v27.5 - https:\/\/yoast.com\/product\/yoast-seo-wordpress\/ -->\n<title>Varovanje zasebnosti<\/title>\n<meta name=\"robots\" content=\"index, follow, max-snippet:-1, max-image-preview:large, max-video-preview:-1\" \/>\n<link rel=\"canonical\" href=\"https:\/\/www.parokeets.com\/sl\/privacy-policy\/\" \/>\n<meta property=\"og:locale\" content=\"sl_SI\" \/>\n<meta property=\"og:type\" content=\"article\" \/>\n<meta property=\"og:title\" content=\"Varovanje zasebnosti\" \/>\n<meta property=\"og:description\" content=\"Pogoji uporabe Upravljalec te spletne strani je EygaNet d.o.o (mati\u010dna \u0161tevilka 9852247000). Te spletne strani dajejo splo\u0161ne informacije o https:\/\/www.parokeets.com\/. Vse informacije in podatki na ... Ve\u010d\" \/>\n<meta property=\"og:url\" content=\"https:\/\/www.parokeets.com\/sl\/privacy-policy\/\" \/>\n<meta property=\"og:site_name\" content=\"Parokeets (SL)\" \/>\n<meta property=\"article:publisher\" content=\"http:\/\/www.facebook.com\/parokeets\" \/>\n<meta property=\"article:modified_time\" content=\"2025-03-03T07:39:21+00:00\" \/>\n<meta name=\"twitter:card\" content=\"summary_large_image\" \/>\n<meta name=\"twitter:site\" content=\"@Parokeets\" \/>\n<meta name=\"twitter:label1\" content=\"Est. reading time\" \/>\n\t<meta name=\"twitter:data1\" content=\"4 minute\" \/>\n<script type=\"application\/ld+json\" class=\"yoast-schema-graph\">{\"@context\":\"https:\\\/\\\/schema.org\",\"@graph\":[{\"@type\":\"WebPage\",\"@id\":\"https:\\\/\\\/www.parokeets.com\\\/sl\\\/privacy-policy\\\/\",\"url\":\"https:\\\/\\\/www.parokeets.com\\\/sl\\\/privacy-policy\\\/\",\"name\":\"Varovanje zasebnosti\",\"isPartOf\":{\"@id\":\"https:\\\/\\\/www.parokeets.com\\\/sl\\\/#website\"},\"datePublished\":\"2010-05-31T15:11:33+00:00\",\"dateModified\":\"2025-03-03T07:39:21+00:00\",\"inLanguage\":\"sl-SI\",\"potentialAction\":[{\"@type\":\"ReadAction\",\"target\":[\"https:\\\/\\\/www.parokeets.com\\\/sl\\\/privacy-policy\\\/\"]}]},{\"@type\":\"WebSite\",\"@id\":\"https:\\\/\\\/www.parokeets.com\\\/sl\\\/#website\",\"url\":\"https:\\\/\\\/www.parokeets.com\\\/sl\\\/\",\"name\":\"Parokeets (SL)\",\"description\":\"slovenski lepotni blog z najdalj\u0161im sta\u017eem\",\"publisher\":{\"@id\":\"https:\\\/\\\/www.parokeets.com\\\/sl\\\/#organization\"},\"potentialAction\":[{\"@type\":\"SearchAction\",\"target\":{\"@type\":\"EntryPoint\",\"urlTemplate\":\"https:\\\/\\\/www.parokeets.com\\\/sl\\\/?s={search_term_string}\"},\"query-input\":{\"@type\":\"PropertyValueSpecification\",\"valueRequired\":true,\"valueName\":\"search_term_string\"}}],\"inLanguage\":\"sl-SI\"},{\"@type\":\"Organization\",\"@id\":\"https:\\\/\\\/www.parokeets.com\\\/sl\\\/#organization\",\"name\":\"Parokeets lepotni blog\",\"url\":\"https:\\\/\\\/www.parokeets.com\\\/sl\\\/\",\"logo\":{\"@type\":\"ImageObject\",\"inLanguage\":\"sl-SI\",\"@id\":\"https:\\\/\\\/www.parokeets.com\\\/sl\\\/#\\\/schema\\\/logo\\\/image\\\/\",\"url\":\"https:\\\/\\\/www.parokeets.com\\\/wp-content\\\/uploads\\\/2015\\\/12\\\/cropped-Parokeets-logo-2015-90.png\",\"contentUrl\":\"https:\\\/\\\/www.parokeets.com\\\/wp-content\\\/uploads\\\/2015\\\/12\\\/cropped-Parokeets-logo-2015-90.png\",\"width\":272,\"height\":54,\"caption\":\"Parokeets lepotni blog\"},\"image\":{\"@id\":\"https:\\\/\\\/www.parokeets.com\\\/sl\\\/#\\\/schema\\\/logo\\\/image\\\/\"},\"sameAs\":[\"http:\\\/\\\/www.facebook.com\\\/parokeets\",\"https:\\\/\\\/x.com\\\/Parokeets\",\"http:\\\/\\\/www.instagram.com\\\/gejba.parokeets\",\"http:\\\/\\\/www.youtube.com\\\/user\\\/GejbaParokeets\"]}]}<\/script>\n<!-- \/ Yoast SEO plugin. -->","yoast_head_json":{"title":"Varovanje zasebnosti","robots":{"index":"index","follow":"follow","max-snippet":"max-snippet:-1","max-image-preview":"max-image-preview:large","max-video-preview":"max-video-preview:-1"},"canonical":"https:\/\/www.parokeets.com\/sl\/privacy-policy\/","og_locale":"sl_SI","og_type":"article","og_title":"Varovanje zasebnosti","og_description":"Pogoji uporabe Upravljalec te spletne strani je EygaNet d.o.o (mati\u010dna \u0161tevilka 9852247000). Te spletne strani dajejo splo\u0161ne informacije o https:\/\/www.parokeets.com\/. Vse informacije in podatki na ... Ve\u010d","og_url":"https:\/\/www.parokeets.com\/sl\/privacy-policy\/","og_site_name":"Parokeets (SL)","article_publisher":"http:\/\/www.facebook.com\/parokeets","article_modified_time":"2025-03-03T07:39:21+00:00","twitter_card":"summary_large_image","twitter_site":"@Parokeets","twitter_misc":{"Est. reading time":"4 minute"},"schema":{"@context":"https:\/\/schema.org","@graph":[{"@type":"WebPage","@id":"https:\/\/www.parokeets.com\/sl\/privacy-policy\/","url":"https:\/\/www.parokeets.com\/sl\/privacy-policy\/","name":"Varovanje zasebnosti","isPartOf":{"@id":"https:\/\/www.parokeets.com\/sl\/#website"},"datePublished":"2010-05-31T15:11:33+00:00","dateModified":"2025-03-03T07:39:21+00:00","inLanguage":"sl-SI","potentialAction":[{"@type":"ReadAction","target":["https:\/\/www.parokeets.com\/sl\/privacy-policy\/"]}]},{"@type":"WebSite","@id":"https:\/\/www.parokeets.com\/sl\/#website","url":"https:\/\/www.parokeets.com\/sl\/","name":"Parokeets (SL)","description":"slovenski lepotni blog z najdalj\u0161im sta\u017eem","publisher":{"@id":"https:\/\/www.parokeets.com\/sl\/#organization"},"potentialAction":[{"@type":"SearchAction","target":{"@type":"EntryPoint","urlTemplate":"https:\/\/www.parokeets.com\/sl\/?s={search_term_string}"},"query-input":{"@type":"PropertyValueSpecification","valueRequired":true,"valueName":"search_term_string"}}],"inLanguage":"sl-SI"},{"@type":"Organization","@id":"https:\/\/www.parokeets.com\/sl\/#organization","name":"Parokeets lepotni blog","url":"https:\/\/www.parokeets.com\/sl\/","logo":{"@type":"ImageObject","inLanguage":"sl-SI","@id":"https:\/\/www.parokeets.com\/sl\/#\/schema\/logo\/image\/","url":"https:\/\/www.parokeets.com\/wp-content\/uploads\/2015\/12\/cropped-Parokeets-logo-2015-90.png","contentUrl":"https:\/\/www.parokeets.com\/wp-content\/uploads\/2015\/12\/cropped-Parokeets-logo-2015-90.png","width":272,"height":54,"caption":"Parokeets lepotni blog"},"image":{"@id":"https:\/\/www.parokeets.com\/sl\/#\/schema\/logo\/image\/"},"sameAs":["http:\/\/www.facebook.com\/parokeets","https:\/\/x.com\/Parokeets","http:\/\/www.instagram.com\/gejba.parokeets","http:\/\/www.youtube.com\/user\/GejbaParokeets"]}]}},"amp_enabled":true,"_links":{"self":[{"href":"https:\/\/www.parokeets.com\/sl\/wp-json\/wp\/v2\/pages\/32193","targetHints":{"allow":["GET"]}}],"collection":[{"href":"https:\/\/www.parokeets.com\/sl\/wp-json\/wp\/v2\/pages"}],"about":[{"href":"https:\/\/www.parokeets.com\/sl\/wp-json\/wp\/v2\/types\/page"}],"author":[{"embeddable":true,"href":"https:\/\/www.parokeets.com\/sl\/wp-json\/wp\/v2\/users\/1"}],"replies":[{"embeddable":true,"href":"https:\/\/www.parokeets.com\/sl\/wp-json\/wp\/v2\/comments?post=32193"}],"version-history":[{"count":1,"href":"https:\/\/www.parokeets.com\/sl\/wp-json\/wp\/v2\/pages\/32193\/revisions"}],"predecessor-version":[{"id":56538,"href":"https:\/\/www.parokeets.com\/sl\/wp-json\/wp\/v2\/pages\/32193\/revisions\/56538"}],"wp:attachment":[{"href":"https:\/\/www.parokeets.com\/sl\/wp-json\/wp\/v2\/media?parent=32193"}],"curies":[{"name":"wp","href":"https:\/\/api.w.org\/{rel}","templated":true}]}}