{"id":53438,"date":"2021-01-18T16:29:10","date_gmt":"2021-01-18T15:29:10","guid":{"rendered":"https:\/\/www.parokeets.com\/sl\/?page_id=53438"},"modified":"2026-02-15T21:01:30","modified_gmt":"2026-02-15T20:01:30","slug":"top","status":"publish","type":"page","link":"https:\/\/www.parokeets.com\/sl\/top\/","title":{"rendered":"TOP"},"content":{"rendered":"\n<ul class=\"wp-block-social-links aligncenter is-content-justification-center is-layout-flex wp-container-core-social-links-is-layout-16018d1d wp-block-social-links-is-layout-flex\"><li class=\"wp-social-link wp-social-link-instagram  wp-block-social-link\"><a href=\"https:\/\/www.instagram.com\/gabi.nedic\/\" class=\"wp-block-social-link-anchor\"><svg width=\"24\" height=\"24\" viewBox=\"0 0 24 24\" version=\"1.1\" xmlns=\"http:\/\/www.w3.org\/2000\/svg\" aria-hidden=\"true\" focusable=\"false\"><path d=\"M12,4.622c2.403,0,2.688,0.009,3.637,0.052c0.877,0.04,1.354,0.187,1.671,0.31c0.42,0.163,0.72,0.358,1.035,0.673 c0.315,0.315,0.51,0.615,0.673,1.035c0.123,0.317,0.27,0.794,0.31,1.671c0.043,0.949,0.052,1.234,0.052,3.637 s-0.009,2.688-0.052,3.637c-0.04,0.877-0.187,1.354-0.31,1.671c-0.163,0.42-0.358,0.72-0.673,1.035 c-0.315,0.315-0.615,0.51-1.035,0.673c-0.317,0.123-0.794,0.27-1.671,0.31c-0.949,0.043-1.233,0.052-3.637,0.052 s-2.688-0.009-3.637-0.052c-0.877-0.04-1.354-0.187-1.671-0.31c-0.42-0.163-0.72-0.358-1.035-0.673 c-0.315-0.315-0.51-0.615-0.673-1.035c-0.123-0.317-0.27-0.794-0.31-1.671C4.631,14.688,4.622,14.403,4.622,12 s0.009-2.688,0.052-3.637c0.04-0.877,0.187-1.354,0.31-1.671c0.163-0.42,0.358-0.72,0.673-1.035 c0.315-0.315,0.615-0.51,1.035-0.673c0.317-0.123,0.794-0.27,1.671-0.31C9.312,4.631,9.597,4.622,12,4.622 M12,3 C9.556,3,9.249,3.01,8.289,3.054C7.331,3.098,6.677,3.25,6.105,3.472C5.513,3.702,5.011,4.01,4.511,4.511 c-0.5,0.5-0.808,1.002-1.038,1.594C3.25,6.677,3.098,7.331,3.054,8.289C3.01,9.249,3,9.556,3,12c0,2.444,0.01,2.751,0.054,3.711 c0.044,0.958,0.196,1.612,0.418,2.185c0.23,0.592,0.538,1.094,1.038,1.594c0.5,0.5,1.002,0.808,1.594,1.038 c0.572,0.222,1.227,0.375,2.185,0.418C9.249,20.99,9.556,21,12,21s2.751-0.01,3.711-0.054c0.958-0.044,1.612-0.196,2.185-0.418 c0.592-0.23,1.094-0.538,1.594-1.038c0.5-0.5,0.808-1.002,1.038-1.594c0.222-0.572,0.375-1.227,0.418-2.185 C20.99,14.751,21,14.444,21,12s-0.01-2.751-0.054-3.711c-0.044-0.958-0.196-1.612-0.418-2.185c-0.23-0.592-0.538-1.094-1.038-1.594 c-0.5-0.5-1.002-0.808-1.594-1.038c-0.572-0.222-1.227-0.375-2.185-0.418C14.751,3.01,14.444,3,12,3L12,3z M12,7.378 c-2.552,0-4.622,2.069-4.622,4.622S9.448,16.622,12,16.622s4.622-2.069,4.622-4.622S14.552,7.378,12,7.378z M12,15 c-1.657,0-3-1.343-3-3s1.343-3,3-3s3,1.343,3,3S13.657,15,12,15z M16.804,6.116c-0.596,0-1.08,0.484-1.08,1.08 s0.484,1.08,1.08,1.08c0.596,0,1.08-0.484,1.08-1.08S17.401,6.116,16.804,6.116z\"><\/path><\/svg><span class=\"wp-block-social-link-label screen-reader-text\">Instagram<\/span><\/a><\/li>\n\n<li class=\"wp-social-link wp-social-link-youtube  wp-block-social-link\"><a href=\"https:\/\/www.youtube.com\/user\/GejbaParokeets\" class=\"wp-block-social-link-anchor\"><svg width=\"24\" height=\"24\" viewBox=\"0 0 24 24\" version=\"1.1\" xmlns=\"http:\/\/www.w3.org\/2000\/svg\" aria-hidden=\"true\" focusable=\"false\"><path d=\"M21.8,8.001c0,0-0.195-1.378-0.795-1.985c-0.76-0.797-1.613-0.801-2.004-0.847c-2.799-0.202-6.997-0.202-6.997-0.202 h-0.009c0,0-4.198,0-6.997,0.202C4.608,5.216,3.756,5.22,2.995,6.016C2.395,6.623,2.2,8.001,2.2,8.001S2,9.62,2,11.238v1.517 c0,1.618,0.2,3.237,0.2,3.237s0.195,1.378,0.795,1.985c0.761,0.797,1.76,0.771,2.205,0.855c1.6,0.153,6.8,0.201,6.8,0.201 s4.203-0.006,7.001-0.209c0.391-0.047,1.243-0.051,2.004-0.847c0.6-0.607,0.795-1.985,0.795-1.985s0.2-1.618,0.2-3.237v-1.517 C22,9.62,21.8,8.001,21.8,8.001z M9.935,14.594l-0.001-5.62l5.404,2.82L9.935,14.594z\"><\/path><\/svg><span class=\"wp-block-social-link-label screen-reader-text\">YouTube<\/span><\/a><\/li>\n\n<li class=\"wp-social-link wp-social-link-tiktok  wp-block-social-link\"><a href=\"https:\/\/www.tiktok.com\/@gabi.nedic?is_from_webapp=1&#038;sender_device=pc\" class=\"wp-block-social-link-anchor\"><svg width=\"24\" height=\"24\" viewBox=\"0 0 32 32\" version=\"1.1\" xmlns=\"http:\/\/www.w3.org\/2000\/svg\" aria-hidden=\"true\" focusable=\"false\"><path d=\"M16.708 0.027c1.745-0.027 3.48-0.011 5.213-0.027 0.105 2.041 0.839 4.12 2.333 5.563 1.491 1.479 3.6 2.156 5.652 2.385v5.369c-1.923-0.063-3.855-0.463-5.6-1.291-0.76-0.344-1.468-0.787-2.161-1.24-0.009 3.896 0.016 7.787-0.025 11.667-0.104 1.864-0.719 3.719-1.803 5.255-1.744 2.557-4.771 4.224-7.88 4.276-1.907 0.109-3.812-0.411-5.437-1.369-2.693-1.588-4.588-4.495-4.864-7.615-0.032-0.667-0.043-1.333-0.016-1.984 0.24-2.537 1.495-4.964 3.443-6.615 2.208-1.923 5.301-2.839 8.197-2.297 0.027 1.975-0.052 3.948-0.052 5.923-1.323-0.428-2.869-0.308-4.025 0.495-0.844 0.547-1.485 1.385-1.819 2.333-0.276 0.676-0.197 1.427-0.181 2.145 0.317 2.188 2.421 4.027 4.667 3.828 1.489-0.016 2.916-0.88 3.692-2.145 0.251-0.443 0.532-0.896 0.547-1.417 0.131-2.385 0.079-4.76 0.095-7.145 0.011-5.375-0.016-10.735 0.025-16.093z\" \/><\/svg><span class=\"wp-block-social-link-label screen-reader-text\">TikTok<\/span><\/a><\/li>\n\n<li class=\"wp-social-link wp-social-link-facebook  wp-block-social-link\"><a href=\"https:\/\/www.facebook.com\/groups\/ljubimkozmetiko\/\" class=\"wp-block-social-link-anchor\"><svg width=\"24\" height=\"24\" viewBox=\"0 0 24 24\" version=\"1.1\" xmlns=\"http:\/\/www.w3.org\/2000\/svg\" aria-hidden=\"true\" focusable=\"false\"><path d=\"M12 2C6.5 2 2 6.5 2 12c0 5 3.7 9.1 8.4 9.9v-7H7.9V12h2.5V9.8c0-2.5 1.5-3.9 3.8-3.9 1.1 0 2.2.2 2.2.2v2.5h-1.3c-1.2 0-1.6.8-1.6 1.6V12h2.8l-.4 2.9h-2.3v7C18.3 21.1 22 17 22 12c0-5.5-4.5-10-10-10z\"><\/path><\/svg><span class=\"wp-block-social-link-label screen-reader-text\">Facebook<\/span><\/a><\/li><\/ul>\n\n\n\n<h2 class=\"wp-block-heading\">Popusti, kode in uporabne povezave s katerim podpirate neodvisne ocene<\/h2>\n\n\n\n<ul class=\"wp-block-list\">\n<li><a href=\"https:\/\/www.hisa-zdravja.si\/\" target=\"_blank\" rel=\"noreferrer noopener\">Hi\u0161a-zdravja.si<\/a>: LK15 koda za 15% popusta<\/li>\n\n\n\n<li>SITIS: BetterYou vitamin D, magnezij &#8230; <a href=\"https:\/\/sitis.si\/?ref=10\" target=\"_blank\" rel=\"noreferrer noopener nofollow\">KLIK<\/a><\/li>\n\n\n\n<li>iHerb (predvsem naro\u010dam negovalne izdelke + LifeExtention dopolnila, ki jih ne dobim v EU) &#8230; <a href=\"https:\/\/www.iherb.com\/?rcode=GEJ282\" rel=\"nofollow\">KLIK<\/a><\/li>\n\n\n\n<li><a href=\"https:\/\/www.littlewonderland.nl\/en\/products\/?ref=gabi\" rel=\"nofollow\">LittleWonderland<\/a> &#8230; EU trgovina s korejsko kozmetiko<\/li>\n<\/ul>\n\n\n\n*OGLAS roza obarvane povezave so affilate\n\n\n<div class=\"gb-container gb-container-60e63613\">\n\n<a class=\"gb-button gb-button-c323b19c gb-button-text\" href=\"https:\/\/www.parokeets.com\/sl\/amazon\/\" rel=\"nofollow\">AMAZON: Absolutno TOP izdelki (naro\u010dila iz nem\u0161kega Amazona nad 60 EUR iz njihovega skladi\u0161\u010da imajo brezpla\u010dno po\u0161tnino)<\/a>\n\n<\/div>\n\n<div class=\"gb-container gb-container-3801d31c\">\n\n<a class=\"gb-button gb-button-56fe4bd3 gb-button-text\" href=\"https:\/\/www.parokeets.com\/sl\/2022\/09\/zelezo\/\">POST: Vse o nadome\u0161\u010danju \u017eeleza (kdaj, koliko)<\/a>\n\n<\/div>\n\n<div class=\"gb-container gb-container-3f57b370\">\n\n<a class=\"gb-button gb-button-c5954397 gb-button-text\" href=\"https:\/\/www.parokeets.com\/sl\/2021\/08\/vitamin-d\/\" rel=\"nofollow\">POST: Vitamin D (cene testiranj, kaj je delovalo v praksi)<\/a>\n\n<\/div>\n\n<div class=\"gb-container gb-container-8387e27f\">\n\n<a class=\"gb-button gb-button-6e0a3802 gb-button-text\" href=\"https:\/\/www.parokeets.com\/sl\/2020\/09\/izdelki-za-zdravo-kozno-bariero\/\">POST:  Predlogi izdelkov za bolj\u0161o ko\u017eno bariero (pri uporabi mo\u010dnej\u0161ih aktivov &#8230;)<\/a>\n\n<\/div>\n\n<div class=\"gb-container gb-container-198c5500\">\n\n<a class=\"gb-button gb-button-863d2744 gb-button-text\" href=\"https:\/\/www.parokeets.com\/sl\/2022\/01\/uvajanje-aktivov-tretinoin-glikolna-azelaicna-kislina\/\">POST: Kako uvajamo aktive (mo\u010dnej\u0161e kozmeti\u010dne sestavine), da se izognemo po\u0161kodovani ko\u017ei<\/a>\n\n<\/div>\n\n<div class=\"gb-container gb-container-1898e537\">\n\n<a class=\"gb-button gb-button-7988c5be gb-button-text\" href=\"https:\/\/www.parokeets.com\/sl\/bestsecret\/\" rel=\"nofollow\">BESTSECRET: Post s fotografijami nakupov\/priporo\u010dil<\/a>\n\n<\/div>","protected":false},"excerpt":{"rendered":"<p>Popusti, kode in uporabne povezave s katerim podpirate neodvisne ocene *OGLAS roza obarvane povezave so affilate<\/p>\n","protected":false},"author":6,"featured_media":0,"parent":0,"menu_order":0,"comment_status":"closed","ping_status":"closed","template":"","meta":{"footnotes":""},"class_list":["post-53438","page","type-page","status-publish"],"yoast_head":"<!-- This site is optimized with the Yoast SEO plugin v27.4 - https:\/\/yoast.com\/product\/yoast-seo-wordpress\/ -->\n<title>TOP | Parokeets (SL)<\/title>\n<meta name=\"description\" content=\"Najbolj zanimivi \u010dlanki, kode s popusti ...\" \/>\n<meta name=\"robots\" content=\"index, follow, max-snippet:-1, max-image-preview:large, max-video-preview:-1\" \/>\n<link rel=\"canonical\" href=\"https:\/\/www.parokeets.com\/sl\/top\/\" \/>\n<meta property=\"og:locale\" content=\"sl_SI\" \/>\n<meta property=\"og:type\" content=\"article\" \/>\n<meta property=\"og:title\" content=\"TOP | Parokeets (SL)\" \/>\n<meta property=\"og:description\" content=\"Najbolj zanimivi \u010dlanki, kode s popusti ...\" \/>\n<meta property=\"og:url\" content=\"https:\/\/www.parokeets.com\/sl\/top\/\" \/>\n<meta property=\"og:site_name\" content=\"Parokeets (SL)\" \/>\n<meta property=\"article:publisher\" content=\"http:\/\/www.facebook.com\/parokeets\" \/>\n<meta property=\"article:modified_time\" content=\"2026-02-15T20:01:30+00:00\" \/>\n<meta name=\"twitter:card\" content=\"summary_large_image\" \/>\n<meta name=\"twitter:site\" content=\"@Parokeets\" \/>\n<meta name=\"twitter:label1\" content=\"Est. reading time\" \/>\n\t<meta name=\"twitter:data1\" content=\"1 minuta\" \/>\n<script type=\"application\/ld+json\" class=\"yoast-schema-graph\">{\"@context\":\"https:\\\/\\\/schema.org\",\"@graph\":[{\"@type\":\"WebPage\",\"@id\":\"https:\\\/\\\/www.parokeets.com\\\/sl\\\/top\\\/\",\"url\":\"https:\\\/\\\/www.parokeets.com\\\/sl\\\/top\\\/\",\"name\":\"TOP | Parokeets (SL)\",\"isPartOf\":{\"@id\":\"https:\\\/\\\/www.parokeets.com\\\/sl\\\/#website\"},\"datePublished\":\"2021-01-18T15:29:10+00:00\",\"dateModified\":\"2026-02-15T20:01:30+00:00\",\"description\":\"Najbolj zanimivi \u010dlanki, kode s popusti ...\",\"inLanguage\":\"sl-SI\",\"potentialAction\":[{\"@type\":\"ReadAction\",\"target\":[\"https:\\\/\\\/www.parokeets.com\\\/sl\\\/top\\\/\"]}]},{\"@type\":\"WebSite\",\"@id\":\"https:\\\/\\\/www.parokeets.com\\\/sl\\\/#website\",\"url\":\"https:\\\/\\\/www.parokeets.com\\\/sl\\\/\",\"name\":\"Parokeets (SL)\",\"description\":\"slovenski lepotni blog z najdalj\u0161im sta\u017eem\",\"publisher\":{\"@id\":\"https:\\\/\\\/www.parokeets.com\\\/sl\\\/#organization\"},\"potentialAction\":[{\"@type\":\"SearchAction\",\"target\":{\"@type\":\"EntryPoint\",\"urlTemplate\":\"https:\\\/\\\/www.parokeets.com\\\/sl\\\/?s={search_term_string}\"},\"query-input\":{\"@type\":\"PropertyValueSpecification\",\"valueRequired\":true,\"valueName\":\"search_term_string\"}}],\"inLanguage\":\"sl-SI\"},{\"@type\":\"Organization\",\"@id\":\"https:\\\/\\\/www.parokeets.com\\\/sl\\\/#organization\",\"name\":\"Parokeets lepotni blog\",\"url\":\"https:\\\/\\\/www.parokeets.com\\\/sl\\\/\",\"logo\":{\"@type\":\"ImageObject\",\"inLanguage\":\"sl-SI\",\"@id\":\"https:\\\/\\\/www.parokeets.com\\\/sl\\\/#\\\/schema\\\/logo\\\/image\\\/\",\"url\":\"https:\\\/\\\/www.parokeets.com\\\/wp-content\\\/uploads\\\/2015\\\/12\\\/cropped-Parokeets-logo-2015-90.png\",\"contentUrl\":\"https:\\\/\\\/www.parokeets.com\\\/wp-content\\\/uploads\\\/2015\\\/12\\\/cropped-Parokeets-logo-2015-90.png\",\"width\":272,\"height\":54,\"caption\":\"Parokeets lepotni blog\"},\"image\":{\"@id\":\"https:\\\/\\\/www.parokeets.com\\\/sl\\\/#\\\/schema\\\/logo\\\/image\\\/\"},\"sameAs\":[\"http:\\\/\\\/www.facebook.com\\\/parokeets\",\"https:\\\/\\\/x.com\\\/Parokeets\",\"http:\\\/\\\/www.instagram.com\\\/gejba.parokeets\",\"http:\\\/\\\/www.youtube.com\\\/user\\\/GejbaParokeets\"]}]}<\/script>\n<!-- \/ Yoast SEO plugin. -->","yoast_head_json":{"title":"TOP | Parokeets (SL)","description":"Najbolj zanimivi \u010dlanki, kode s popusti ...","robots":{"index":"index","follow":"follow","max-snippet":"max-snippet:-1","max-image-preview":"max-image-preview:large","max-video-preview":"max-video-preview:-1"},"canonical":"https:\/\/www.parokeets.com\/sl\/top\/","og_locale":"sl_SI","og_type":"article","og_title":"TOP | Parokeets (SL)","og_description":"Najbolj zanimivi \u010dlanki, kode s popusti ...","og_url":"https:\/\/www.parokeets.com\/sl\/top\/","og_site_name":"Parokeets (SL)","article_publisher":"http:\/\/www.facebook.com\/parokeets","article_modified_time":"2026-02-15T20:01:30+00:00","twitter_card":"summary_large_image","twitter_site":"@Parokeets","twitter_misc":{"Est. reading time":"1 minuta"},"schema":{"@context":"https:\/\/schema.org","@graph":[{"@type":"WebPage","@id":"https:\/\/www.parokeets.com\/sl\/top\/","url":"https:\/\/www.parokeets.com\/sl\/top\/","name":"TOP | Parokeets (SL)","isPartOf":{"@id":"https:\/\/www.parokeets.com\/sl\/#website"},"datePublished":"2021-01-18T15:29:10+00:00","dateModified":"2026-02-15T20:01:30+00:00","description":"Najbolj zanimivi \u010dlanki, kode s popusti ...","inLanguage":"sl-SI","potentialAction":[{"@type":"ReadAction","target":["https:\/\/www.parokeets.com\/sl\/top\/"]}]},{"@type":"WebSite","@id":"https:\/\/www.parokeets.com\/sl\/#website","url":"https:\/\/www.parokeets.com\/sl\/","name":"Parokeets (SL)","description":"slovenski lepotni blog z najdalj\u0161im sta\u017eem","publisher":{"@id":"https:\/\/www.parokeets.com\/sl\/#organization"},"potentialAction":[{"@type":"SearchAction","target":{"@type":"EntryPoint","urlTemplate":"https:\/\/www.parokeets.com\/sl\/?s={search_term_string}"},"query-input":{"@type":"PropertyValueSpecification","valueRequired":true,"valueName":"search_term_string"}}],"inLanguage":"sl-SI"},{"@type":"Organization","@id":"https:\/\/www.parokeets.com\/sl\/#organization","name":"Parokeets lepotni blog","url":"https:\/\/www.parokeets.com\/sl\/","logo":{"@type":"ImageObject","inLanguage":"sl-SI","@id":"https:\/\/www.parokeets.com\/sl\/#\/schema\/logo\/image\/","url":"https:\/\/www.parokeets.com\/wp-content\/uploads\/2015\/12\/cropped-Parokeets-logo-2015-90.png","contentUrl":"https:\/\/www.parokeets.com\/wp-content\/uploads\/2015\/12\/cropped-Parokeets-logo-2015-90.png","width":272,"height":54,"caption":"Parokeets lepotni blog"},"image":{"@id":"https:\/\/www.parokeets.com\/sl\/#\/schema\/logo\/image\/"},"sameAs":["http:\/\/www.facebook.com\/parokeets","https:\/\/x.com\/Parokeets","http:\/\/www.instagram.com\/gejba.parokeets","http:\/\/www.youtube.com\/user\/GejbaParokeets"]}]}},"amp_enabled":true,"_links":{"self":[{"href":"https:\/\/www.parokeets.com\/sl\/wp-json\/wp\/v2\/pages\/53438","targetHints":{"allow":["GET"]}}],"collection":[{"href":"https:\/\/www.parokeets.com\/sl\/wp-json\/wp\/v2\/pages"}],"about":[{"href":"https:\/\/www.parokeets.com\/sl\/wp-json\/wp\/v2\/types\/page"}],"author":[{"embeddable":true,"href":"https:\/\/www.parokeets.com\/sl\/wp-json\/wp\/v2\/users\/6"}],"replies":[{"embeddable":true,"href":"https:\/\/www.parokeets.com\/sl\/wp-json\/wp\/v2\/comments?post=53438"}],"version-history":[{"count":171,"href":"https:\/\/www.parokeets.com\/sl\/wp-json\/wp\/v2\/pages\/53438\/revisions"}],"predecessor-version":[{"id":56604,"href":"https:\/\/www.parokeets.com\/sl\/wp-json\/wp\/v2\/pages\/53438\/revisions\/56604"}],"wp:attachment":[{"href":"https:\/\/www.parokeets.com\/sl\/wp-json\/wp\/v2\/media?parent=53438"}],"curies":[{"name":"wp","href":"https:\/\/api.w.org\/{rel}","templated":true}]}}