{"id":55129,"date":"2022-06-03T12:39:57","date_gmt":"2022-06-03T10:39:57","guid":{"rendered":"https:\/\/www.parokeets.com\/sl\/?page_id=55129"},"modified":"2022-10-03T12:23:58","modified_gmt":"2022-10-03T10:23:58","slug":"bestsecret","status":"publish","type":"page","link":"https:\/\/www.parokeets.com\/sl\/bestsecret\/","title":{"rendered":"Bestsecret"},"content":{"rendered":"\n<div class=\"wp-block-buttons alignwide is-layout-flex wp-block-buttons-is-layout-flex\">\n<div class=\"wp-block-button aligncenter\"><a class=\"wp-block-button__link\" href=\"https:\/\/invite.bestsecret.com\/VBF-Y6P-GSA\" target=\"_blank\" rel=\"noreferrer noopener\">Potrebujete povabilo za bestsecret spletno trgovino? kliknite tukaj<\/a><\/div>\n<\/div>\n\n\n\n<p>BestSecret je spletna trgovina iz Nem\u010dije, ki prodaja obla\u010dila po ugodnej\u0161ih cenah vseh cenovnih razredov, a ve\u010dinoma v vi\u0161jem srednjem razredu. <br>Osebno preferiram Betty Barclay, Doris Streich, Frank Walder, Monari &#8230;<br>Za h\u010derko pa kupujem veliko pri Name It, Lego, Roxy, Kanz znamkah.<\/p>\n\n\n\n<div class=\"wp-block-columns is-layout-flex wp-container-core-columns-is-layout-9d6595d7 wp-block-columns-is-layout-flex\">\n<div class=\"wp-block-column is-layout-flow wp-block-column-is-layout-flow\"><div class=\"wp-block-image\">\n<figure class=\"alignleft size-large is-resized\"><img loading=\"lazy\" decoding=\"async\" src=\"https:\/\/www.parokeets.com\/wp-content\/uploads\/2022\/10\/0-02-05-92d90eed3346d4c2ff2d375dd7242f414cbc079e48a583413fa782bb43895591_cd1b4bf783425959-594x853.jpg\" alt=\"\" class=\"wp-image-55344\" width=\"315\" height=\"452\" srcset=\"https:\/\/www.parokeets.com\/wp-content\/uploads\/2022\/10\/0-02-05-92d90eed3346d4c2ff2d375dd7242f414cbc079e48a583413fa782bb43895591_cd1b4bf783425959-594x853.jpg 594w, https:\/\/www.parokeets.com\/wp-content\/uploads\/2022\/10\/0-02-05-92d90eed3346d4c2ff2d375dd7242f414cbc079e48a583413fa782bb43895591_cd1b4bf783425959-258x370.jpg 258w, https:\/\/www.parokeets.com\/wp-content\/uploads\/2022\/10\/0-02-05-92d90eed3346d4c2ff2d375dd7242f414cbc079e48a583413fa782bb43895591_cd1b4bf783425959-104x150.jpg 104w, https:\/\/www.parokeets.com\/wp-content\/uploads\/2022\/10\/0-02-05-92d90eed3346d4c2ff2d375dd7242f414cbc079e48a583413fa782bb43895591_cd1b4bf783425959-1069x1536.jpg 1069w, https:\/\/www.parokeets.com\/wp-content\/uploads\/2022\/10\/0-02-05-92d90eed3346d4c2ff2d375dd7242f414cbc079e48a583413fa782bb43895591_cd1b4bf783425959.jpg 1113w\" sizes=\"auto, (max-width: 315px) 100vw, 315px\" \/><figcaption>Olsen shirt blouse &#8211; Colour Sand<\/figcaption><\/figure>\n<\/div><\/div>\n\n\n\n<div class=\"wp-block-column is-layout-flow wp-block-column-is-layout-flow\"><div class=\"wp-block-image\">\n<figure class=\"alignright size-large is-resized\"><img loading=\"lazy\" decoding=\"async\" src=\"https:\/\/www.parokeets.com\/wp-content\/uploads\/2022\/10\/0-02-05-7bba7b91a7423fbacc1c3fc43be1f23b0ceb52cb3c62394da0fc09aac7210c73_847bf137ac71ed28-497x853.jpg\" alt=\"\" class=\"wp-image-55349\" width=\"266\" height=\"456\" srcset=\"https:\/\/www.parokeets.com\/wp-content\/uploads\/2022\/10\/0-02-05-7bba7b91a7423fbacc1c3fc43be1f23b0ceb52cb3c62394da0fc09aac7210c73_847bf137ac71ed28-497x853.jpg 497w, https:\/\/www.parokeets.com\/wp-content\/uploads\/2022\/10\/0-02-05-7bba7b91a7423fbacc1c3fc43be1f23b0ceb52cb3c62394da0fc09aac7210c73_847bf137ac71ed28-216x370.jpg 216w, https:\/\/www.parokeets.com\/wp-content\/uploads\/2022\/10\/0-02-05-7bba7b91a7423fbacc1c3fc43be1f23b0ceb52cb3c62394da0fc09aac7210c73_847bf137ac71ed28-87x150.jpg 87w, https:\/\/www.parokeets.com\/wp-content\/uploads\/2022\/10\/0-02-05-7bba7b91a7423fbacc1c3fc43be1f23b0ceb52cb3c62394da0fc09aac7210c73_847bf137ac71ed28.jpg 566w\" sizes=\"auto, (max-width: 266px) 100vw, 266px\" \/><figcaption>Blue Effect &#8211; teddy fur jacket<\/figcaption><\/figure>\n<\/div><\/div>\n<\/div>\n","protected":false},"excerpt":{"rendered":"<p>BestSecret je spletna trgovina iz Nem\u010dije, ki prodaja obla\u010dila po ugodnej\u0161ih cenah vseh cenovnih razredov, a ve\u010dinoma v vi\u0161jem srednjem razredu. Osebno preferiram Betty Barclay, &#8230; <\/p>\n<p class=\"read-more-container\"><a title=\"Bestsecret\" class=\"read-more button\" href=\"https:\/\/www.parokeets.com\/sl\/bestsecret\/#more-55129\" aria-label=\"Read more about Bestsecret\">Ve\u010d<\/a><\/p>\n","protected":false},"author":6,"featured_media":0,"parent":0,"menu_order":0,"comment_status":"closed","ping_status":"closed","template":"","meta":{"footnotes":""},"class_list":["post-55129","page","type-page","status-publish"],"yoast_head":"<!-- This site is optimized with the Yoast SEO plugin v27.6 - https:\/\/yoast.com\/product\/yoast-seo-wordpress\/ -->\n<title>Bestsecret | Parokeets (SL)<\/title>\n<meta name=\"robots\" content=\"index, follow, max-snippet:-1, max-image-preview:large, max-video-preview:-1\" \/>\n<link rel=\"canonical\" href=\"https:\/\/www.parokeets.com\/sl\/bestsecret\/\" \/>\n<meta property=\"og:locale\" content=\"sl_SI\" \/>\n<meta property=\"og:type\" content=\"article\" \/>\n<meta property=\"og:title\" content=\"Bestsecret | Parokeets (SL)\" \/>\n<meta property=\"og:description\" content=\"BestSecret je spletna trgovina iz Nem\u010dije, ki prodaja obla\u010dila po ugodnej\u0161ih cenah vseh cenovnih razredov, a ve\u010dinoma v vi\u0161jem srednjem razredu. Osebno preferiram Betty Barclay, ... Ve\u010d\" \/>\n<meta property=\"og:url\" content=\"https:\/\/www.parokeets.com\/sl\/bestsecret\/\" \/>\n<meta property=\"og:site_name\" content=\"Parokeets (SL)\" \/>\n<meta property=\"article:publisher\" content=\"http:\/\/www.facebook.com\/parokeets\" \/>\n<meta property=\"article:modified_time\" content=\"2022-10-03T10:23:58+00:00\" \/>\n<meta property=\"og:image\" content=\"https:\/\/www.parokeets.com\/wp-content\/uploads\/2022\/10\/0-02-05-92d90eed3346d4c2ff2d375dd7242f414cbc079e48a583413fa782bb43895591_cd1b4bf783425959-594x853.jpg\" \/>\n<meta name=\"twitter:card\" content=\"summary_large_image\" \/>\n<meta name=\"twitter:site\" content=\"@Parokeets\" \/>\n<meta name=\"twitter:label1\" content=\"Est. reading time\" \/>\n\t<meta name=\"twitter:data1\" content=\"1 minuta\" \/>\n<script type=\"application\/ld+json\" class=\"yoast-schema-graph\">{\"@context\":\"https:\\\/\\\/schema.org\",\"@graph\":[{\"@type\":\"WebPage\",\"@id\":\"https:\\\/\\\/www.parokeets.com\\\/sl\\\/bestsecret\\\/\",\"url\":\"https:\\\/\\\/www.parokeets.com\\\/sl\\\/bestsecret\\\/\",\"name\":\"Bestsecret | Parokeets (SL)\",\"isPartOf\":{\"@id\":\"https:\\\/\\\/www.parokeets.com\\\/sl\\\/#website\"},\"primaryImageOfPage\":{\"@id\":\"https:\\\/\\\/www.parokeets.com\\\/sl\\\/bestsecret\\\/#primaryimage\"},\"image\":{\"@id\":\"https:\\\/\\\/www.parokeets.com\\\/sl\\\/bestsecret\\\/#primaryimage\"},\"thumbnailUrl\":\"https:\\\/\\\/www.parokeets.com\\\/wp-content\\\/uploads\\\/2022\\\/10\\\/0-02-05-92d90eed3346d4c2ff2d375dd7242f414cbc079e48a583413fa782bb43895591_cd1b4bf783425959-594x853.jpg\",\"datePublished\":\"2022-06-03T10:39:57+00:00\",\"dateModified\":\"2022-10-03T10:23:58+00:00\",\"inLanguage\":\"sl-SI\",\"potentialAction\":[{\"@type\":\"ReadAction\",\"target\":[\"https:\\\/\\\/www.parokeets.com\\\/sl\\\/bestsecret\\\/\"]}]},{\"@type\":\"ImageObject\",\"inLanguage\":\"sl-SI\",\"@id\":\"https:\\\/\\\/www.parokeets.com\\\/sl\\\/bestsecret\\\/#primaryimage\",\"url\":\"https:\\\/\\\/www.parokeets.com\\\/wp-content\\\/uploads\\\/2022\\\/10\\\/0-02-05-92d90eed3346d4c2ff2d375dd7242f414cbc079e48a583413fa782bb43895591_cd1b4bf783425959-594x853.jpg\",\"contentUrl\":\"https:\\\/\\\/www.parokeets.com\\\/wp-content\\\/uploads\\\/2022\\\/10\\\/0-02-05-92d90eed3346d4c2ff2d375dd7242f414cbc079e48a583413fa782bb43895591_cd1b4bf783425959-594x853.jpg\"},{\"@type\":\"WebSite\",\"@id\":\"https:\\\/\\\/www.parokeets.com\\\/sl\\\/#website\",\"url\":\"https:\\\/\\\/www.parokeets.com\\\/sl\\\/\",\"name\":\"Parokeets (SL)\",\"description\":\"slovenski lepotni blog z najdalj\u0161im sta\u017eem\",\"publisher\":{\"@id\":\"https:\\\/\\\/www.parokeets.com\\\/sl\\\/#organization\"},\"potentialAction\":[{\"@type\":\"SearchAction\",\"target\":{\"@type\":\"EntryPoint\",\"urlTemplate\":\"https:\\\/\\\/www.parokeets.com\\\/sl\\\/?s={search_term_string}\"},\"query-input\":{\"@type\":\"PropertyValueSpecification\",\"valueRequired\":true,\"valueName\":\"search_term_string\"}}],\"inLanguage\":\"sl-SI\"},{\"@type\":\"Organization\",\"@id\":\"https:\\\/\\\/www.parokeets.com\\\/sl\\\/#organization\",\"name\":\"Parokeets lepotni blog\",\"url\":\"https:\\\/\\\/www.parokeets.com\\\/sl\\\/\",\"logo\":{\"@type\":\"ImageObject\",\"inLanguage\":\"sl-SI\",\"@id\":\"https:\\\/\\\/www.parokeets.com\\\/sl\\\/#\\\/schema\\\/logo\\\/image\\\/\",\"url\":\"https:\\\/\\\/www.parokeets.com\\\/wp-content\\\/uploads\\\/2015\\\/12\\\/cropped-Parokeets-logo-2015-90.png\",\"contentUrl\":\"https:\\\/\\\/www.parokeets.com\\\/wp-content\\\/uploads\\\/2015\\\/12\\\/cropped-Parokeets-logo-2015-90.png\",\"width\":272,\"height\":54,\"caption\":\"Parokeets lepotni blog\"},\"image\":{\"@id\":\"https:\\\/\\\/www.parokeets.com\\\/sl\\\/#\\\/schema\\\/logo\\\/image\\\/\"},\"sameAs\":[\"http:\\\/\\\/www.facebook.com\\\/parokeets\",\"https:\\\/\\\/x.com\\\/Parokeets\",\"http:\\\/\\\/www.instagram.com\\\/gejba.parokeets\",\"http:\\\/\\\/www.youtube.com\\\/user\\\/GejbaParokeets\"]}]}<\/script>\n<!-- \/ Yoast SEO plugin. -->","yoast_head_json":{"title":"Bestsecret | Parokeets (SL)","robots":{"index":"index","follow":"follow","max-snippet":"max-snippet:-1","max-image-preview":"max-image-preview:large","max-video-preview":"max-video-preview:-1"},"canonical":"https:\/\/www.parokeets.com\/sl\/bestsecret\/","og_locale":"sl_SI","og_type":"article","og_title":"Bestsecret | Parokeets (SL)","og_description":"BestSecret je spletna trgovina iz Nem\u010dije, ki prodaja obla\u010dila po ugodnej\u0161ih cenah vseh cenovnih razredov, a ve\u010dinoma v vi\u0161jem srednjem razredu. Osebno preferiram Betty Barclay, ... Ve\u010d","og_url":"https:\/\/www.parokeets.com\/sl\/bestsecret\/","og_site_name":"Parokeets (SL)","article_publisher":"http:\/\/www.facebook.com\/parokeets","article_modified_time":"2022-10-03T10:23:58+00:00","og_image":[{"url":"https:\/\/www.parokeets.com\/wp-content\/uploads\/2022\/10\/0-02-05-92d90eed3346d4c2ff2d375dd7242f414cbc079e48a583413fa782bb43895591_cd1b4bf783425959-594x853.jpg","type":"","width":"","height":""}],"twitter_card":"summary_large_image","twitter_site":"@Parokeets","twitter_misc":{"Est. reading time":"1 minuta"},"schema":{"@context":"https:\/\/schema.org","@graph":[{"@type":"WebPage","@id":"https:\/\/www.parokeets.com\/sl\/bestsecret\/","url":"https:\/\/www.parokeets.com\/sl\/bestsecret\/","name":"Bestsecret | Parokeets (SL)","isPartOf":{"@id":"https:\/\/www.parokeets.com\/sl\/#website"},"primaryImageOfPage":{"@id":"https:\/\/www.parokeets.com\/sl\/bestsecret\/#primaryimage"},"image":{"@id":"https:\/\/www.parokeets.com\/sl\/bestsecret\/#primaryimage"},"thumbnailUrl":"https:\/\/www.parokeets.com\/wp-content\/uploads\/2022\/10\/0-02-05-92d90eed3346d4c2ff2d375dd7242f414cbc079e48a583413fa782bb43895591_cd1b4bf783425959-594x853.jpg","datePublished":"2022-06-03T10:39:57+00:00","dateModified":"2022-10-03T10:23:58+00:00","inLanguage":"sl-SI","potentialAction":[{"@type":"ReadAction","target":["https:\/\/www.parokeets.com\/sl\/bestsecret\/"]}]},{"@type":"ImageObject","inLanguage":"sl-SI","@id":"https:\/\/www.parokeets.com\/sl\/bestsecret\/#primaryimage","url":"https:\/\/www.parokeets.com\/wp-content\/uploads\/2022\/10\/0-02-05-92d90eed3346d4c2ff2d375dd7242f414cbc079e48a583413fa782bb43895591_cd1b4bf783425959-594x853.jpg","contentUrl":"https:\/\/www.parokeets.com\/wp-content\/uploads\/2022\/10\/0-02-05-92d90eed3346d4c2ff2d375dd7242f414cbc079e48a583413fa782bb43895591_cd1b4bf783425959-594x853.jpg"},{"@type":"WebSite","@id":"https:\/\/www.parokeets.com\/sl\/#website","url":"https:\/\/www.parokeets.com\/sl\/","name":"Parokeets (SL)","description":"slovenski lepotni blog z najdalj\u0161im sta\u017eem","publisher":{"@id":"https:\/\/www.parokeets.com\/sl\/#organization"},"potentialAction":[{"@type":"SearchAction","target":{"@type":"EntryPoint","urlTemplate":"https:\/\/www.parokeets.com\/sl\/?s={search_term_string}"},"query-input":{"@type":"PropertyValueSpecification","valueRequired":true,"valueName":"search_term_string"}}],"inLanguage":"sl-SI"},{"@type":"Organization","@id":"https:\/\/www.parokeets.com\/sl\/#organization","name":"Parokeets lepotni blog","url":"https:\/\/www.parokeets.com\/sl\/","logo":{"@type":"ImageObject","inLanguage":"sl-SI","@id":"https:\/\/www.parokeets.com\/sl\/#\/schema\/logo\/image\/","url":"https:\/\/www.parokeets.com\/wp-content\/uploads\/2015\/12\/cropped-Parokeets-logo-2015-90.png","contentUrl":"https:\/\/www.parokeets.com\/wp-content\/uploads\/2015\/12\/cropped-Parokeets-logo-2015-90.png","width":272,"height":54,"caption":"Parokeets lepotni blog"},"image":{"@id":"https:\/\/www.parokeets.com\/sl\/#\/schema\/logo\/image\/"},"sameAs":["http:\/\/www.facebook.com\/parokeets","https:\/\/x.com\/Parokeets","http:\/\/www.instagram.com\/gejba.parokeets","http:\/\/www.youtube.com\/user\/GejbaParokeets"]}]}},"amp_enabled":true,"_links":{"self":[{"href":"https:\/\/www.parokeets.com\/sl\/wp-json\/wp\/v2\/pages\/55129","targetHints":{"allow":["GET"]}}],"collection":[{"href":"https:\/\/www.parokeets.com\/sl\/wp-json\/wp\/v2\/pages"}],"about":[{"href":"https:\/\/www.parokeets.com\/sl\/wp-json\/wp\/v2\/types\/page"}],"author":[{"embeddable":true,"href":"https:\/\/www.parokeets.com\/sl\/wp-json\/wp\/v2\/users\/6"}],"replies":[{"embeddable":true,"href":"https:\/\/www.parokeets.com\/sl\/wp-json\/wp\/v2\/comments?post=55129"}],"version-history":[{"count":15,"href":"https:\/\/www.parokeets.com\/sl\/wp-json\/wp\/v2\/pages\/55129\/revisions"}],"predecessor-version":[{"id":55351,"href":"https:\/\/www.parokeets.com\/sl\/wp-json\/wp\/v2\/pages\/55129\/revisions\/55351"}],"wp:attachment":[{"href":"https:\/\/www.parokeets.com\/sl\/wp-json\/wp\/v2\/media?parent=55129"}],"curies":[{"name":"wp","href":"https:\/\/api.w.org\/{rel}","templated":true}]}}