{"id":55147,"date":"2022-06-10T10:00:41","date_gmt":"2022-06-10T08:00:41","guid":{"rendered":"https:\/\/www.parokeets.com\/sl\/?page_id=55147"},"modified":"2024-10-15T08:48:52","modified_gmt":"2024-10-15T06:48:52","slug":"amazon","status":"publish","type":"page","link":"https:\/\/www.parokeets.com\/sl\/amazon\/","title":{"rendered":"Amazon &#8211; top izdelki"},"content":{"rendered":"\n<p class=\"gb-headline gb-headline-ec6cd876 gb-headline-text\">Kot redna stranka Amazon.de, sem na\u0161la \u017ee veliko zakladov. Nekatere \u017ee leta priporo\u010dam in si zaslu\u017eijo mesto v dvorani slavnih. :D <br><br>\u010ce naro\u010dite pri Amazon.de nad 60 EUR in so izdelki poslani iz njihovih skladi\u0161\u010d, je po\u0161tnina brezpla\u010dna. <\/p>\n\n\n\n<div class=\"wp-block-columns is-layout-flex wp-container-core-columns-is-layout-9d6595d7 wp-block-columns-is-layout-flex\">\n<div class=\"wp-block-column is-layout-flow wp-block-column-is-layout-flow\">\n<figure class=\"wp-block-image size-large\"><a href=\"https:\/\/amzn.to\/3My4XLO\"><img loading=\"lazy\" decoding=\"async\" width=\"853\" height=\"853\" src=\"https:\/\/www.parokeets.com\/wp-content\/uploads\/2022\/06\/Instant-Pot-by-Gabi-Nedic-Parokeets-3-853x853.jpg\" alt=\"\" class=\"wp-image-55164\" srcset=\"https:\/\/www.parokeets.com\/wp-content\/uploads\/2022\/06\/Instant-Pot-by-Gabi-Nedic-Parokeets-3-853x853.jpg 853w, https:\/\/www.parokeets.com\/wp-content\/uploads\/2022\/06\/Instant-Pot-by-Gabi-Nedic-Parokeets-3-370x370.jpg 370w, https:\/\/www.parokeets.com\/wp-content\/uploads\/2022\/06\/Instant-Pot-by-Gabi-Nedic-Parokeets-3-150x150.jpg 150w, https:\/\/www.parokeets.com\/wp-content\/uploads\/2022\/06\/Instant-Pot-by-Gabi-Nedic-Parokeets-3.jpg 1136w\" sizes=\"auto, (max-width: 853px) 100vw, 853px\" \/><\/a><figcaption class=\"wp-element-caption\">Instant Pot Pro 10 in 1 (1200W 5.7L): re\u0161itelj za vse, ki nimate veliko \u010dasa za kuhanje, a \u017eelite doma\u010do hrano.<br>ADHD, \u0161\u010ditni\u010darji \u2026 narejeno za nas. :D<\/figcaption><\/figure>\n\n\n\n<div class=\"wp-block-buttons is-layout-flex wp-block-buttons-is-layout-flex\">\n<div class=\"wp-block-button is-style-fill\"><a class=\"wp-block-button__link wp-element-button\" href=\"https:\/\/amzn.to\/3My4XLO\" target=\"_blank\" rel=\"noreferrer noopener\">NAKUP<\/a><\/div>\n<\/div>\n<\/div>\n\n\n\n<div class=\"wp-block-column is-layout-flow wp-block-column-is-layout-flow\">\n<figure class=\"wp-block-image size-large\"><a href=\"https:\/\/amzn.to\/3NJHPva\"><img loading=\"lazy\" decoding=\"async\" width=\"853\" height=\"853\" src=\"https:\/\/www.parokeets.com\/wp-content\/uploads\/2022\/06\/Beurer-BR-60-zdravilec-pikov-insektov-velikost-by-Gabi-Nedic-01-853x853.jpg\" alt=\"\" class=\"wp-image-55170\" srcset=\"https:\/\/www.parokeets.com\/wp-content\/uploads\/2022\/06\/Beurer-BR-60-zdravilec-pikov-insektov-velikost-by-Gabi-Nedic-01-853x853.jpg 853w, https:\/\/www.parokeets.com\/wp-content\/uploads\/2022\/06\/Beurer-BR-60-zdravilec-pikov-insektov-velikost-by-Gabi-Nedic-01-370x370.jpg 370w, https:\/\/www.parokeets.com\/wp-content\/uploads\/2022\/06\/Beurer-BR-60-zdravilec-pikov-insektov-velikost-by-Gabi-Nedic-01-150x150.jpg 150w, https:\/\/www.parokeets.com\/wp-content\/uploads\/2022\/06\/Beurer-BR-60-zdravilec-pikov-insektov-velikost-by-Gabi-Nedic-01.jpg 878w\" sizes=\"auto, (max-width: 853px) 100vw, 853px\" \/><\/a><figcaption class=\"wp-element-caption\">Beurer BR 60: zadevica s katero nevtraliziramo strup pikov mr\u010desa.<\/figcaption><\/figure>\n\n\n\n<div class=\"wp-block-buttons is-layout-flex wp-block-buttons-is-layout-flex\">\n<div class=\"wp-block-button is-style-fill\"><a class=\"wp-block-button__link wp-element-button\" href=\"https:\/\/amzn.to\/3NJHPva\" target=\"_blank\" rel=\"noreferrer noopener\">NAKUP<\/a><\/div>\n\n\n\n<div class=\"wp-block-button is-style-fill\"><a class=\"wp-block-button__link wp-element-button\" href=\"https:\/\/www.parokeets.com\/sl\/2021\/07\/beurer-br-60-zdravilec-pikov-insektov-ocena-delovanje\/\">BLOG OCENA<\/a><\/div>\n<\/div>\n<\/div>\n<\/div>\n\n\n\n<div class=\"wp-block-columns is-layout-flex wp-container-core-columns-is-layout-9d6595d7 wp-block-columns-is-layout-flex\">\n<div class=\"wp-block-column is-layout-flow wp-block-column-is-layout-flow\">\n<figure class=\"wp-block-image size-large\"><a href=\"https:\/\/amzn.to\/3bzVzKH\"><img loading=\"lazy\" decoding=\"async\" width=\"853\" height=\"853\" src=\"https:\/\/www.parokeets.com\/wp-content\/uploads\/2022\/07\/Neoflame-set-storage-containers-by-Gabi-Nedic-853x853.jpg\" alt=\"\" class=\"wp-image-55187\" srcset=\"https:\/\/www.parokeets.com\/wp-content\/uploads\/2022\/07\/Neoflame-set-storage-containers-by-Gabi-Nedic-853x853.jpg 853w, https:\/\/www.parokeets.com\/wp-content\/uploads\/2022\/07\/Neoflame-set-storage-containers-by-Gabi-Nedic-370x370.jpg 370w, https:\/\/www.parokeets.com\/wp-content\/uploads\/2022\/07\/Neoflame-set-storage-containers-by-Gabi-Nedic-150x150.jpg 150w, https:\/\/www.parokeets.com\/wp-content\/uploads\/2022\/07\/Neoflame-set-storage-containers-by-Gabi-Nedic.jpg 1280w\" sizes=\"auto, (max-width: 853px) 100vw, 853px\" \/><\/a><figcaption class=\"wp-element-caption\">NEOFLAM: do sedaj najbolj\u0161i set embala\u017e za shranjevanje \u017eivil. Enostavna uporaba, dobro tesnijo &#8230;<\/figcaption><\/figure>\n\n\n\n<div class=\"wp-block-buttons alignwide is-content-justification-left is-layout-flex wp-container-core-buttons-is-layout-fdcfc74e wp-block-buttons-is-layout-flex\">\n<div class=\"wp-block-button is-style-fill\"><a class=\"wp-block-button__link wp-element-button\" href=\"https:\/\/amzn.to\/3RjgguA\" target=\"_blank\" rel=\"noreferrer noopener\">NAKUP<\/a><\/div>\n<\/div>\n<\/div>\n\n\n\n<div class=\"wp-block-column is-layout-flow wp-block-column-is-layout-flow\">\n<figure class=\"wp-block-image size-large\"><a href=\"https:\/\/amzn.to\/3ajr6A9\"><img loading=\"lazy\" decoding=\"async\" width=\"853\" height=\"853\" src=\"https:\/\/www.parokeets.com\/wp-content\/uploads\/2022\/07\/Auxmir-Make-Up-Organiser-360-Rotatable-by-Gabi-Nedic-853x853.jpg\" alt=\"\" class=\"wp-image-55196\" srcset=\"https:\/\/www.parokeets.com\/wp-content\/uploads\/2022\/07\/Auxmir-Make-Up-Organiser-360-Rotatable-by-Gabi-Nedic-853x853.jpg 853w, https:\/\/www.parokeets.com\/wp-content\/uploads\/2022\/07\/Auxmir-Make-Up-Organiser-360-Rotatable-by-Gabi-Nedic-370x370.jpg 370w, https:\/\/www.parokeets.com\/wp-content\/uploads\/2022\/07\/Auxmir-Make-Up-Organiser-360-Rotatable-by-Gabi-Nedic-150x150.jpg 150w, https:\/\/www.parokeets.com\/wp-content\/uploads\/2022\/07\/Auxmir-Make-Up-Organiser-360-Rotatable-by-Gabi-Nedic.jpg 1280w\" sizes=\"auto, (max-width: 853px) 100vw, 853px\" \/><\/a><figcaption class=\"wp-element-caption\">AUXMIR: vrtljivi organizator li\u010dil in izdelkov za nego prihrani veliko prostora in olaj\u0161a dostop.<\/figcaption><\/figure>\n\n\n\n<div class=\"wp-block-buttons alignwide is-content-justification-left is-layout-flex wp-container-core-buttons-is-layout-fdcfc74e wp-block-buttons-is-layout-flex\">\n<div class=\"wp-block-button is-style-fill\"><a class=\"wp-block-button__link wp-element-button\" href=\"https:\/\/amzn.to\/3ajr6A9\" target=\"_blank\" rel=\"noreferrer noopener\">NAKUP<\/a><\/div>\n<\/div>\n<\/div>\n\n\n\n<div class=\"wp-block-column is-layout-flow wp-block-column-is-layout-flow\">\n<figure class=\"wp-block-image size-large\"><a href=\"https:\/\/amzn.to\/3bKuZi7\"><img loading=\"lazy\" decoding=\"async\" width=\"853\" height=\"853\" src=\"https:\/\/www.parokeets.com\/wp-content\/uploads\/2022\/07\/PULOX-Pulsoximeter-by-Gabi-Nedic-853x853.jpg\" alt=\"\" class=\"wp-image-55202\" srcset=\"https:\/\/www.parokeets.com\/wp-content\/uploads\/2022\/07\/PULOX-Pulsoximeter-by-Gabi-Nedic-853x853.jpg 853w, https:\/\/www.parokeets.com\/wp-content\/uploads\/2022\/07\/PULOX-Pulsoximeter-by-Gabi-Nedic-370x370.jpg 370w, https:\/\/www.parokeets.com\/wp-content\/uploads\/2022\/07\/PULOX-Pulsoximeter-by-Gabi-Nedic-150x150.jpg 150w, https:\/\/www.parokeets.com\/wp-content\/uploads\/2022\/07\/PULOX-Pulsoximeter-by-Gabi-Nedic.jpg 1280w\" sizes=\"auto, (max-width: 853px) 100vw, 853px\" \/><\/a><figcaption class=\"wp-element-caption\">PULOX: oksimeter se je med kugo zelo dobro izkazal in opozoril na padec saturacije kisika v krvi.<br><\/figcaption><\/figure>\n\n\n\n<div class=\"wp-block-buttons alignwide is-content-justification-left is-layout-flex wp-container-core-buttons-is-layout-fdcfc74e wp-block-buttons-is-layout-flex\">\n<div class=\"wp-block-button is-style-fill\"><a class=\"wp-block-button__link wp-element-button\" href=\"https:\/\/amzn.to\/3bKuZi7\" target=\"_blank\" rel=\"noreferrer noopener\">NAKUP<\/a><\/div>\n<\/div>\n<\/div>\n<\/div>\n\n\n\nOglas: vse povezave na strani so affiliate. \u010ce izdelek kupite po kliku na povezavo, dobim manj\u0161i % prodajne vrednosti, s \u010dimer si zagotovite \u0161e ve\u010d ocen. :D\n","protected":false},"excerpt":{"rendered":"<p>Kot redna stranka Amazon.de, sem na\u0161la \u017ee veliko zakladov. Nekatere \u017ee leta priporo\u010dam in si zaslu\u017eijo mesto v dvorani slavnih. :D \u010ce naro\u010dite pri Amazon.de &#8230; <\/p>\n<p class=\"read-more-container\"><a title=\"Amazon &#8211; top izdelki\" class=\"read-more button\" href=\"https:\/\/www.parokeets.com\/sl\/amazon\/#more-55147\" aria-label=\"Read more about Amazon &#8211; top izdelki\">Ve\u010d<\/a><\/p>\n","protected":false},"author":6,"featured_media":0,"parent":0,"menu_order":0,"comment_status":"closed","ping_status":"closed","template":"","meta":{"footnotes":""},"class_list":["post-55147","page","type-page","status-publish"],"yoast_head":"<!-- This site is optimized with the Yoast SEO plugin v27.5 - https:\/\/yoast.com\/product\/yoast-seo-wordpress\/ -->\n<title>Amazon - top izdelki | Parokeets (SL)<\/title>\n<meta name=\"robots\" content=\"index, follow, max-snippet:-1, max-image-preview:large, max-video-preview:-1\" \/>\n<link rel=\"canonical\" href=\"https:\/\/www.parokeets.com\/sl\/amazon\/\" \/>\n<meta property=\"og:locale\" content=\"sl_SI\" \/>\n<meta property=\"og:type\" content=\"article\" \/>\n<meta property=\"og:title\" content=\"Amazon - top izdelki | Parokeets (SL)\" \/>\n<meta property=\"og:description\" content=\"Kot redna stranka Amazon.de, sem na\u0161la \u017ee veliko zakladov. Nekatere \u017ee leta priporo\u010dam in si zaslu\u017eijo mesto v dvorani slavnih. :D \u010ce naro\u010dite pri Amazon.de ... Ve\u010d\" \/>\n<meta property=\"og:url\" content=\"https:\/\/www.parokeets.com\/sl\/amazon\/\" \/>\n<meta property=\"og:site_name\" content=\"Parokeets (SL)\" \/>\n<meta property=\"article:publisher\" content=\"http:\/\/www.facebook.com\/parokeets\" \/>\n<meta property=\"article:modified_time\" content=\"2024-10-15T06:48:52+00:00\" \/>\n<meta property=\"og:image\" content=\"https:\/\/www.parokeets.com\/wp-content\/uploads\/2022\/06\/Instant-Pot-by-Gabi-Nedic-Parokeets-3.jpg\" \/>\n\t<meta property=\"og:image:width\" content=\"1136\" \/>\n\t<meta property=\"og:image:height\" content=\"1136\" \/>\n\t<meta property=\"og:image:type\" content=\"image\/jpeg\" \/>\n<meta name=\"twitter:card\" content=\"summary_large_image\" \/>\n<meta name=\"twitter:site\" content=\"@Parokeets\" \/>\n<meta name=\"twitter:label1\" content=\"Est. reading time\" \/>\n\t<meta name=\"twitter:data1\" content=\"2 minuti\" \/>\n<script type=\"application\/ld+json\" class=\"yoast-schema-graph\">{\"@context\":\"https:\\\/\\\/schema.org\",\"@graph\":[{\"@type\":\"WebPage\",\"@id\":\"https:\\\/\\\/www.parokeets.com\\\/sl\\\/amazon\\\/\",\"url\":\"https:\\\/\\\/www.parokeets.com\\\/sl\\\/amazon\\\/\",\"name\":\"Amazon - top izdelki | Parokeets (SL)\",\"isPartOf\":{\"@id\":\"https:\\\/\\\/www.parokeets.com\\\/sl\\\/#website\"},\"primaryImageOfPage\":{\"@id\":\"https:\\\/\\\/www.parokeets.com\\\/sl\\\/amazon\\\/#primaryimage\"},\"image\":{\"@id\":\"https:\\\/\\\/www.parokeets.com\\\/sl\\\/amazon\\\/#primaryimage\"},\"thumbnailUrl\":\"https:\\\/\\\/www.parokeets.com\\\/wp-content\\\/uploads\\\/2022\\\/06\\\/Instant-Pot-by-Gabi-Nedic-Parokeets-3-853x853.jpg\",\"datePublished\":\"2022-06-10T08:00:41+00:00\",\"dateModified\":\"2024-10-15T06:48:52+00:00\",\"inLanguage\":\"sl-SI\",\"potentialAction\":[{\"@type\":\"ReadAction\",\"target\":[\"https:\\\/\\\/www.parokeets.com\\\/sl\\\/amazon\\\/\"]}]},{\"@type\":\"ImageObject\",\"inLanguage\":\"sl-SI\",\"@id\":\"https:\\\/\\\/www.parokeets.com\\\/sl\\\/amazon\\\/#primaryimage\",\"url\":\"https:\\\/\\\/www.parokeets.com\\\/wp-content\\\/uploads\\\/2022\\\/06\\\/Instant-Pot-by-Gabi-Nedic-Parokeets-3-853x853.jpg\",\"contentUrl\":\"https:\\\/\\\/www.parokeets.com\\\/wp-content\\\/uploads\\\/2022\\\/06\\\/Instant-Pot-by-Gabi-Nedic-Parokeets-3-853x853.jpg\"},{\"@type\":\"WebSite\",\"@id\":\"https:\\\/\\\/www.parokeets.com\\\/sl\\\/#website\",\"url\":\"https:\\\/\\\/www.parokeets.com\\\/sl\\\/\",\"name\":\"Parokeets (SL)\",\"description\":\"slovenski lepotni blog z najdalj\u0161im sta\u017eem\",\"publisher\":{\"@id\":\"https:\\\/\\\/www.parokeets.com\\\/sl\\\/#organization\"},\"potentialAction\":[{\"@type\":\"SearchAction\",\"target\":{\"@type\":\"EntryPoint\",\"urlTemplate\":\"https:\\\/\\\/www.parokeets.com\\\/sl\\\/?s={search_term_string}\"},\"query-input\":{\"@type\":\"PropertyValueSpecification\",\"valueRequired\":true,\"valueName\":\"search_term_string\"}}],\"inLanguage\":\"sl-SI\"},{\"@type\":\"Organization\",\"@id\":\"https:\\\/\\\/www.parokeets.com\\\/sl\\\/#organization\",\"name\":\"Parokeets lepotni blog\",\"url\":\"https:\\\/\\\/www.parokeets.com\\\/sl\\\/\",\"logo\":{\"@type\":\"ImageObject\",\"inLanguage\":\"sl-SI\",\"@id\":\"https:\\\/\\\/www.parokeets.com\\\/sl\\\/#\\\/schema\\\/logo\\\/image\\\/\",\"url\":\"https:\\\/\\\/www.parokeets.com\\\/wp-content\\\/uploads\\\/2015\\\/12\\\/cropped-Parokeets-logo-2015-90.png\",\"contentUrl\":\"https:\\\/\\\/www.parokeets.com\\\/wp-content\\\/uploads\\\/2015\\\/12\\\/cropped-Parokeets-logo-2015-90.png\",\"width\":272,\"height\":54,\"caption\":\"Parokeets lepotni blog\"},\"image\":{\"@id\":\"https:\\\/\\\/www.parokeets.com\\\/sl\\\/#\\\/schema\\\/logo\\\/image\\\/\"},\"sameAs\":[\"http:\\\/\\\/www.facebook.com\\\/parokeets\",\"https:\\\/\\\/x.com\\\/Parokeets\",\"http:\\\/\\\/www.instagram.com\\\/gejba.parokeets\",\"http:\\\/\\\/www.youtube.com\\\/user\\\/GejbaParokeets\"]}]}<\/script>\n<!-- \/ Yoast SEO plugin. -->","yoast_head_json":{"title":"Amazon - top izdelki | Parokeets (SL)","robots":{"index":"index","follow":"follow","max-snippet":"max-snippet:-1","max-image-preview":"max-image-preview:large","max-video-preview":"max-video-preview:-1"},"canonical":"https:\/\/www.parokeets.com\/sl\/amazon\/","og_locale":"sl_SI","og_type":"article","og_title":"Amazon - top izdelki | Parokeets (SL)","og_description":"Kot redna stranka Amazon.de, sem na\u0161la \u017ee veliko zakladov. Nekatere \u017ee leta priporo\u010dam in si zaslu\u017eijo mesto v dvorani slavnih. :D \u010ce naro\u010dite pri Amazon.de ... Ve\u010d","og_url":"https:\/\/www.parokeets.com\/sl\/amazon\/","og_site_name":"Parokeets (SL)","article_publisher":"http:\/\/www.facebook.com\/parokeets","article_modified_time":"2024-10-15T06:48:52+00:00","og_image":[{"width":1136,"height":1136,"url":"https:\/\/www.parokeets.com\/wp-content\/uploads\/2022\/06\/Instant-Pot-by-Gabi-Nedic-Parokeets-3.jpg","type":"image\/jpeg"}],"twitter_card":"summary_large_image","twitter_site":"@Parokeets","twitter_misc":{"Est. reading time":"2 minuti"},"schema":{"@context":"https:\/\/schema.org","@graph":[{"@type":"WebPage","@id":"https:\/\/www.parokeets.com\/sl\/amazon\/","url":"https:\/\/www.parokeets.com\/sl\/amazon\/","name":"Amazon - top izdelki | Parokeets (SL)","isPartOf":{"@id":"https:\/\/www.parokeets.com\/sl\/#website"},"primaryImageOfPage":{"@id":"https:\/\/www.parokeets.com\/sl\/amazon\/#primaryimage"},"image":{"@id":"https:\/\/www.parokeets.com\/sl\/amazon\/#primaryimage"},"thumbnailUrl":"https:\/\/www.parokeets.com\/wp-content\/uploads\/2022\/06\/Instant-Pot-by-Gabi-Nedic-Parokeets-3-853x853.jpg","datePublished":"2022-06-10T08:00:41+00:00","dateModified":"2024-10-15T06:48:52+00:00","inLanguage":"sl-SI","potentialAction":[{"@type":"ReadAction","target":["https:\/\/www.parokeets.com\/sl\/amazon\/"]}]},{"@type":"ImageObject","inLanguage":"sl-SI","@id":"https:\/\/www.parokeets.com\/sl\/amazon\/#primaryimage","url":"https:\/\/www.parokeets.com\/wp-content\/uploads\/2022\/06\/Instant-Pot-by-Gabi-Nedic-Parokeets-3-853x853.jpg","contentUrl":"https:\/\/www.parokeets.com\/wp-content\/uploads\/2022\/06\/Instant-Pot-by-Gabi-Nedic-Parokeets-3-853x853.jpg"},{"@type":"WebSite","@id":"https:\/\/www.parokeets.com\/sl\/#website","url":"https:\/\/www.parokeets.com\/sl\/","name":"Parokeets (SL)","description":"slovenski lepotni blog z najdalj\u0161im sta\u017eem","publisher":{"@id":"https:\/\/www.parokeets.com\/sl\/#organization"},"potentialAction":[{"@type":"SearchAction","target":{"@type":"EntryPoint","urlTemplate":"https:\/\/www.parokeets.com\/sl\/?s={search_term_string}"},"query-input":{"@type":"PropertyValueSpecification","valueRequired":true,"valueName":"search_term_string"}}],"inLanguage":"sl-SI"},{"@type":"Organization","@id":"https:\/\/www.parokeets.com\/sl\/#organization","name":"Parokeets lepotni blog","url":"https:\/\/www.parokeets.com\/sl\/","logo":{"@type":"ImageObject","inLanguage":"sl-SI","@id":"https:\/\/www.parokeets.com\/sl\/#\/schema\/logo\/image\/","url":"https:\/\/www.parokeets.com\/wp-content\/uploads\/2015\/12\/cropped-Parokeets-logo-2015-90.png","contentUrl":"https:\/\/www.parokeets.com\/wp-content\/uploads\/2015\/12\/cropped-Parokeets-logo-2015-90.png","width":272,"height":54,"caption":"Parokeets lepotni blog"},"image":{"@id":"https:\/\/www.parokeets.com\/sl\/#\/schema\/logo\/image\/"},"sameAs":["http:\/\/www.facebook.com\/parokeets","https:\/\/x.com\/Parokeets","http:\/\/www.instagram.com\/gejba.parokeets","http:\/\/www.youtube.com\/user\/GejbaParokeets"]}]}},"amp_enabled":true,"_links":{"self":[{"href":"https:\/\/www.parokeets.com\/sl\/wp-json\/wp\/v2\/pages\/55147","targetHints":{"allow":["GET"]}}],"collection":[{"href":"https:\/\/www.parokeets.com\/sl\/wp-json\/wp\/v2\/pages"}],"about":[{"href":"https:\/\/www.parokeets.com\/sl\/wp-json\/wp\/v2\/types\/page"}],"author":[{"embeddable":true,"href":"https:\/\/www.parokeets.com\/sl\/wp-json\/wp\/v2\/users\/6"}],"replies":[{"embeddable":true,"href":"https:\/\/www.parokeets.com\/sl\/wp-json\/wp\/v2\/comments?post=55147"}],"version-history":[{"count":59,"href":"https:\/\/www.parokeets.com\/sl\/wp-json\/wp\/v2\/pages\/55147\/revisions"}],"predecessor-version":[{"id":56353,"href":"https:\/\/www.parokeets.com\/sl\/wp-json\/wp\/v2\/pages\/55147\/revisions\/56353"}],"wp:attachment":[{"href":"https:\/\/www.parokeets.com\/sl\/wp-json\/wp\/v2\/media?parent=55147"}],"curies":[{"name":"wp","href":"https:\/\/api.w.org\/{rel}","templated":true}]}}